{"id":9496,"date":"2024-07-12T11:38:34","date_gmt":"2024-07-12T09:38:34","guid":{"rendered":"https:\/\/sonamar.com\/denuncias\/"},"modified":"2026-02-04T14:43:08","modified_gmt":"2026-02-04T13:43:08","slug":"denuncias","status":"publish","type":"page","link":"https:\/\/sonamar.com\/es\/denuncias\/","title":{"rendered":"Denuncias"},"content":{"rendered":"\t\t<div data-elementor-type=\"wp-page\" data-elementor-id=\"9496\" class=\"elementor elementor-9496 elementor-7716\" data-elementor-post-type=\"page\">\n\t\t\t\t<div class=\"elementor-element elementor-element-a57a17f e-flex e-con-boxed e-con e-parent\" data-id=\"a57a17f\" data-element_type=\"container\">\n\t\t\t\t\t<div class=\"e-con-inner\">\n\t\t\t\t\t<\/div>\n\t\t\t\t<\/div>\n\t\t<div class=\"elementor-element elementor-element-2429c54 e-flex e-con-boxed e-con e-parent\" data-id=\"2429c54\" data-element_type=\"container\">\n\t\t\t\t\t<div class=\"e-con-inner\">\n\t\t\t\t<div class=\"elementor-element elementor-element-b0491f5 elementor-widget elementor-widget-heading\" data-id=\"b0491f5\" data-element_type=\"widget\" data-widget_type=\"heading.default\">\n\t\t\t\t<div class=\"elementor-widget-container\">\n\t\t\t\t\t<h1 class=\"elementor-heading-title elementor-size-default\">Env\u00eda una denuncia\n<\/h1>\t\t\t\t<\/div>\n\t\t\t\t<\/div>\n\t\t\t\t<div class=\"elementor-element elementor-element-23bc529 elementor-widget elementor-widget-text-editor\" data-id=\"23bc529\" data-element_type=\"widget\" data-widget_type=\"text-editor.default\">\n\t\t\t\t<div class=\"elementor-widget-container\">\n\t\t\t\t\t\t\t\t\t<p>Puedes enviar una denuncia de forma segura a trav\u00e9s de este formulario. La informaci\u00f3n se cifrar\u00e1 para garantizar que se env\u00eda con los m\u00e1s altos est\u00e1ndares de privacidad y seguridad.<br>Solo la persona designada por la empresa podr\u00e1 verla. <\/p><p><br>Puedes denunciar este tipo de conductas indebidas:<\/p><ul><li>Acoso laboral<\/li><li>Acoso sexual<\/li><li>Competencias<\/li><li>Contrataci\u00f3n p\u00fablica<\/li><li>Impuesto de sociedades<\/li><li>Intereses financieros del sindicato (gastos, recaudaci\u00f3n de ingresos y fondos)<\/li><li>Prevenci\u00f3n del blanqueo de capitales\/financiaci\u00f3n de actividades terroristas.<\/li><li>Protecci\u00f3n contra las radiaciones y seguridad nuclear<\/li><li>Protecci\u00f3n del medioambiente<\/li><li>Protecci\u00f3n del usuario<\/li><li>Protecci\u00f3n de datos personales y privacidad<\/li><li>Salud p\u00fablica<\/li><li>Seguridad de las redes y los sistemas de informaci\u00f3n<\/li><li>Seguridad alimentaria<\/li><li>Seguridad en el transporte<\/li><li>Seguridad de los productos<\/li><\/ul>\t\t\t\t\t\t\t\t<\/div>\n\t\t\t\t<\/div>\n\t\t\t\t<div class=\"elementor-element elementor-element-2e59867 pp-wpforms-labels-yes pp-wpforms-form-button-custom elementor-widget elementor-widget-pp-wpforms\" data-id=\"2e59867\" data-element_type=\"widget\" data-widget_type=\"pp-wpforms.default\">\n\t\t\t\t<div class=\"elementor-widget-container\">\n\t\t\t\t\t\t\t\t\t<div class=\"pp-contact-form pp-wpforms\">\n\t\t\t\t\t\t\t\t\t\t<div class=\"wpforms-container wpforms-container-full\" id=\"wpforms-7708\"><form id=\"wpforms-form-7708\" class=\"wpforms-validate wpforms-form wpforms-ajax-form\" data-formid=\"7708\" method=\"post\" enctype=\"multipart\/form-data\" action=\"\/es\/denuncias\/?wpforms_form_id=7708\" data-token=\"e3fd6adc7208a3151ae4fb25e4985b21\"><noscript class=\"wpforms-error-noscript\">Por favor, activa JavaScript en tu navegador para completar este formulario.<\/noscript><div class=\"wpforms-field-container\"><div id=\"wpforms-7708-field_1-container\" class=\"wpforms-field wpforms-field-select wpforms-field-select-style-classic\" data-field-id=\"1\"><label class=\"wpforms-field-label\" for=\"wpforms-7708-field_1\">Formulario de denuncias <span class=\"wpforms-required-label\">*<\/span><\/label><select id=\"wpforms-7708-field_1\" class=\"wpforms-field-large wpforms-field-required\" name=\"wpforms[fields][1]\" required=\"required\"><option value=\"Cliente\" >Cliente<\/option><option value=\"Contratista\" >Contratista<\/option><option value=\"Empleado\" >Empleado<\/option><option value=\"Antiguo empleado\" >Antiguo empleado<\/option><option value=\"Proveedor\" >Proveedor<\/option><option value=\"Otros\" >Otros<\/option><\/select><div class=\"wpforms-field-description\">\u00bfCu\u00e1l es tu relaci\u00f3n con la empresa?\r\n<\/div><\/div><div id=\"wpforms-7708-field_4-container\" class=\"wpforms-field wpforms-field-checkbox wpforms-conditional-trigger\" data-field-id=\"4\"><label class=\"wpforms-field-label\" for=\"wpforms-7708-field_4\">Quiero facilitar mis datos<\/label><ul id=\"wpforms-7708-field_4\"><li class=\"choice-1 depth-1\"><input type=\"checkbox\" id=\"wpforms-7708-field_4_1\" name=\"wpforms[fields][4][]\" value=\"S\u00ed\"  ><label class=\"wpforms-field-label-inline\" for=\"wpforms-7708-field_4_1\">S\u00ed<\/label><\/li><\/ul><\/div><div id=\"wpforms-7708-field_5-container\" class=\"wpforms-field wpforms-field-text wpforms-conditional-field wpforms-conditional-show\" data-field-id=\"5\" style=\"display:none;\"><label class=\"wpforms-field-label\" for=\"wpforms-7708-field_5\">Nombre y apellidos<\/label><input type=\"text\" id=\"wpforms-7708-field_5\" class=\"wpforms-field-large\" name=\"wpforms[fields][5]\" ><\/div><div id=\"wpforms-7708-field_6-container\" class=\"wpforms-field wpforms-field-text wpforms-conditional-field wpforms-conditional-show\" data-field-id=\"6\" style=\"display:none;\"><label class=\"wpforms-field-label\" for=\"wpforms-7708-field_6\">Correo electr\u00f3nico<\/label><input type=\"text\" id=\"wpforms-7708-field_6\" class=\"wpforms-field-large\" name=\"wpforms[fields][6]\" ><\/div><div id=\"wpforms-7708-field_7-container\" class=\"wpforms-field wpforms-field-textarea\" data-field-id=\"7\"><label class=\"wpforms-field-label\" for=\"wpforms-7708-field_7\">Descripci\u00f3n<\/label><textarea id=\"wpforms-7708-field_7\" class=\"wpforms-field-medium\" name=\"wpforms[fields][7]\" ><\/textarea><div class=\"wpforms-field-description\">Escribe en detalle lo que sucedi\u00f3, d\u00f3nde sucedi\u00f3, cu\u00e1ndo sucedi\u00f3 y qui\u00e9nes estuvieron involucrados en el evento\r\n<\/div><\/div><div id=\"wpforms-7708-field_11-container\" class=\"wpforms-field wpforms-field-file-upload\" data-field-id=\"11\"><label class=\"wpforms-field-label\" for=\"wpforms-7708-field_11\">Adjuntar archivos<\/label><div\n\t\tclass=\"wpforms-uploader\"\n\t\tdata-field-id=\"11\"\n\t\tdata-form-id=\"7708\"\n\t\tdata-input-name=\"wpforms_7708_11\"\n\t\tdata-extensions=\"jpg,jpeg,jpe,gif,png,bmp,tiff,tif,webp,avif,ico,heic,heif,heics,heifs,asf,asx,wmv,wmx,wm,avi,divx,mov,qt,mpeg,mpg,mpe,mp4,m4v,ogv,webm,mkv,3gp,3gpp,3g2,3gp2,txt,asc,c,cc,h,srt,csv,tsv,ics,rtx,css,vtt,mp3,m4a,m4b,aac,ra,ram,wav,x-wav,ogg,oga,flac,mid,midi,wma,wax,mka,rtf,pdf,class,tar,zip,gz,gzip,rar,7z,psd,xcf,doc,pot,pps,ppt,wri,xla,xls,xlt,xlw,mpp,docx,docm,dotx,dotm,xlsx,xlsm,xlsb,xltx,xltm,xlam,pptx,pptm,ppsx,ppsm,potx,potm,ppam,sldx,sldm,onetoc,onetoc2,onepkg,oxps,xps,odt,odp,ods,odg,odc,odb,odf,wp,wpd,key,numbers,pages,json,svg\"\n\t\tdata-max-size=\"10485760\"\n\t\tdata-max-file-number=\"5\"\n\t\tdata-post-max-size=\"104857600\"\n\t\tdata-max-parallel-uploads=\"4\"\n\t\tdata-parallel-uploads=\"true\"\n\t\tdata-file-chunk-size=\"2097152\">\n\t<div class=\"dz-message\">\n\t\t<svg viewBox=\"0 0 1024 1024\" focusable=\"false\" data-icon=\"inbox\" width=\"50px\" height=\"50px\" fill=\"#b1b1b1\" aria-hidden=\"true\">\n\t\t\t<path d=\"M885.2 446.3l-.2-.8-112.2-285.1c-5-16.1-19.9-27.2-36.8-27.2H281.2c-17 0-32.1 11.3-36.9 27.6L139.4 443l-.3.7-.2.8c-1.3 4.9-1.7 9.9-1 14.8-.1 1.6-.2 3.2-.2 4.8V830a60.9 60.9 0 0 0 60.8 60.8h627.2c33.5 0 60.8-27.3 60.9-60.8V464.1c0-1.3 0-2.6-.1-3.7.4-4.9 0-9.6-1.3-14.1zm-295.8-43l-.3 15.7c-.8 44.9-31.8 75.1-77.1 75.1-22.1 0-41.1-7.1-54.8-20.6S436 441.2 435.6 419l-.3-15.7H229.5L309 210h399.2l81.7 193.3H589.4zm-375 76.8h157.3c24.3 57.1 76 90.8 140.4 90.8 33.7 0 65-9.4 90.3-27.2 22.2-15.6 39.5-37.4 50.7-63.6h156.5V814H214.4V480.1z\"><\/path>\n\t\t<\/svg>\n\t\t<span class=\"modern-title\">Haz clic o arrastra archivos a este \u00e1rea para subirlos.<\/span>\n\n\t\t\t\t\t<span class=\"modern-hint\">Puedes subir hasta 5 archivos.<\/span>\n\t\t\t<\/div>\n<\/div>\n<input\n\t\ttype=\"text\"\n\t\tautocomplete=\"off\"\n\t\tclass=\"dropzone-input\"\n\t\tstyle=\"position:absolute!important;clip:rect(0,0,0,0)!important;height:1px!important;width:1px!important;border:0!important;overflow:hidden!important;padding:0!important;margin:0!important;\"\n\t\tid=\"wpforms-7708-field_11\"\n\t\tname=\"wpforms_7708_11\" \t\tvalue=\"\">\n<div class=\"wpforms-field-description\">A\u00f1ade cualquier documento, foto, etc, que pueda servir de prueba para el informe<\/div><\/div><div id=\"wpforms-7708-field_9-container\" class=\"wpforms-field wpforms-field-checkbox\" data-field-id=\"9\"><label class=\"wpforms-field-label\" for=\"wpforms-7708-field_9\">Acepte <span class=\"wpforms-required-label\">*<\/span><\/label><ul id=\"wpforms-7708-field_9\" class=\"wpforms-field-required\"><li class=\"choice-1 depth-1\"><input type=\"checkbox\" id=\"wpforms-7708-field_9_1\" name=\"wpforms[fields][9][]\" value=\"He le\u00eddo y acepto el Sistema de Informaci\u00f3n Interna y Defensa del Informador\" required ><label class=\"wpforms-field-label-inline\" for=\"wpforms-7708-field_9_1\">He le\u00eddo y acepto el Sistema de Informaci\u00f3n Interna y Defensa del Informador<\/label><\/li><li class=\"choice-2 depth-1\"><input type=\"checkbox\" id=\"wpforms-7708-field_9_2\" name=\"wpforms[fields][9][]\" value=\"He le\u00eddo y entiendo la Pol\u00edtica de privacidad del denunciante\" required ><label class=\"wpforms-field-label-inline\" for=\"wpforms-7708-field_9_2\">He le\u00eddo y entiendo la Pol\u00edtica de privacidad del denunciante<\/label><\/li><\/ul><\/div><\/div><input type=\"hidden\" name=\"wpforms[recaptcha]\" value=\"\"><div class=\"wpforms-submit-container\"><input type=\"hidden\" name=\"wpforms[id]\" value=\"7708\"><input type=\"hidden\" name=\"wpforms[author]\" value=\"2\"><input type=\"hidden\" name=\"wpforms[post_id]\" value=\"9496\"><button type=\"submit\" name=\"wpforms[submit]\" id=\"wpforms-submit-7708\" class=\"wpforms-submit\" data-alt-text=\"Enviando...\" data-submit-text=\"Enviar\" aria-live=\"assertive\" value=\"wpforms-submit\">Enviar<\/button><img decoding=\"async\" src=\"https:\/\/sonamar.com\/wp-content\/plugins\/wpforms\/assets\/images\/submit-spin.svg\" class=\"wpforms-submit-spinner\" style=\"display: none;\" width=\"26\" height=\"26\" alt=\"Cargando\"><\/div><\/form><\/div>  <!-- .wpforms-container -->\t\t\t\t<\/div>\n\t\t\t\t\t\t\t\t<\/div>\n\t\t\t\t<\/div>\n\t\t<div class=\"elementor-element elementor-element-2a9946a e-con-full e-flex e-con e-child\" data-id=\"2a9946a\" data-element_type=\"container\">\n\t\t<div class=\"elementor-element elementor-element-a3555fe e-grid e-con-full e-con e-child\" data-id=\"a3555fe\" data-element_type=\"container\">\n\t\t\t\t<div class=\"elementor-element elementor-element-619012d elementor-align-center elementor-widget elementor-widget-button\" data-id=\"619012d\" data-element_type=\"widget\" data-widget_type=\"button.default\">\n\t\t\t\t<div class=\"elementor-widget-container\">\n\t\t\t\t\t\t\t\t\t<div class=\"elementor-button-wrapper\">\n\t\t\t\t\t<a class=\"elementor-button elementor-button-link elementor-size-sm\" href=\"#elementor-action%3Aaction%3Dpopup%3Aopen%26settings%3DeyJpZCI6NzcyNiwidG9nZ2xlIjpmYWxzZX0%3D\">\n\t\t\t\t\t\t<span class=\"elementor-button-content-wrapper\">\n\t\t\t\t\t\t\t\t\t<span class=\"elementor-button-text\">Sistema de Informaci\u00f3n Interna y Defensa del Informador<\/span>\n\t\t\t\t\t<\/span>\n\t\t\t\t\t<\/a>\n\t\t\t\t<\/div>\n\t\t\t\t\t\t\t\t<\/div>\n\t\t\t\t<\/div>\n\t\t\t\t<div class=\"elementor-element elementor-element-9ef8b99 elementor-align-center elementor-widget elementor-widget-button\" data-id=\"9ef8b99\" data-element_type=\"widget\" data-widget_type=\"button.default\">\n\t\t\t\t<div class=\"elementor-widget-container\">\n\t\t\t\t\t\t\t\t\t<div class=\"elementor-button-wrapper\">\n\t\t\t\t\t<a class=\"elementor-button elementor-button-link elementor-size-sm\" href=\"#elementor-action%3Aaction%3Dpopup%3Aopen%26settings%3DeyJpZCI6OTI3NiwidG9nZ2xlIjpmYWxzZX0%3D\" target=\"_blank\">\n\t\t\t\t\t\t<span class=\"elementor-button-content-wrapper\">\n\t\t\t\t\t\t\t\t\t<span class=\"elementor-button-text\">Pol\u00edticia de privacidad del denunciante<\/span>\n\t\t\t\t\t<\/span>\n\t\t\t\t\t<\/a>\n\t\t\t\t<\/div>\n\t\t\t\t\t\t\t\t<\/div>\n\t\t\t\t<\/div>\n\t\t\t\t<\/div>\n\t\t\t\t<\/div>\n\t\t\t\t\t<\/div>\n\t\t\t\t<\/div>\n\t\t\t\t<\/div>\n\t\t","protected":false},"excerpt":{"rendered":"<p>Env\u00eda una denuncia Puedes enviar una denuncia de forma segura a trav\u00e9s de este formulario. La informaci\u00f3n se cifrar\u00e1 para garantizar que se env\u00eda con los m\u00e1s altos est\u00e1ndares de privacidad y seguridad.Solo la persona designada por la empresa podr\u00e1 verla. Puedes denunciar este tipo de conductas indebidas: Acoso laboral Acoso sexual Competencias Contrataci\u00f3n p\u00fablica [&hellip;]<\/p>\n","protected":false},"author":2,"featured_media":0,"parent":0,"menu_order":0,"comment_status":"closed","ping_status":"closed","template":"","meta":{"footnotes":""},"class_list":["post-9496","page","type-page","status-publish","hentry"],"blocksy_meta":[],"yoast_head":"<!-- This site is optimized with the Yoast SEO Premium plugin v21.9 (Yoast SEO v25.9) - https:\/\/yoast.com\/wordpress\/plugins\/seo\/ -->\n<title>Denuncias | Son Amar Mallorca<\/title>\n<meta name=\"robots\" content=\"index, follow, max-snippet:-1, max-image-preview:large, max-video-preview:-1\" \/>\n<link rel=\"canonical\" href=\"https:\/\/sonamar.com\/es\/denuncias\/\" \/>\n<meta property=\"og:locale\" content=\"es_ES\" \/>\n<meta property=\"og:type\" content=\"article\" \/>\n<meta property=\"og:title\" content=\"Denuncias\" \/>\n<meta property=\"og:description\" content=\"Env\u00eda una denuncia Puedes enviar una denuncia de forma segura a trav\u00e9s de este formulario. La informaci\u00f3n se cifrar\u00e1 para garantizar que se env\u00eda con los m\u00e1s altos est\u00e1ndares de privacidad y seguridad.Solo la persona designada por la empresa podr\u00e1 verla. Puedes denunciar este tipo de conductas indebidas: Acoso laboral Acoso sexual Competencias Contrataci\u00f3n p\u00fablica [&hellip;]\" \/>\n<meta property=\"og:url\" content=\"https:\/\/sonamar.com\/es\/denuncias\/\" \/>\n<meta property=\"og:site_name\" content=\"Son Amar Mallorca\" \/>\n<meta property=\"article:publisher\" content=\"https:\/\/www.facebook.com\/SonAmarMallorca\" \/>\n<meta property=\"article:modified_time\" content=\"2026-02-04T13:43:08+00:00\" \/>\n<meta property=\"og:image\" content=\"https:\/\/sonamar.com\/wp-content\/plugins\/wpforms\/assets\/images\/submit-spin.svg\" \/>\n<meta name=\"twitter:card\" content=\"summary_large_image\" \/>\n<meta name=\"twitter:label1\" content=\"Tiempo de lectura\" \/>\n\t<meta name=\"twitter:data1\" content=\"1 minuto\" \/>\n<script type=\"application\/ld+json\" class=\"yoast-schema-graph\">{\"@context\":\"https:\/\/schema.org\",\"@graph\":[{\"@type\":\"WebPage\",\"@id\":\"https:\/\/sonamar.com\/es\/denuncias\/\",\"url\":\"https:\/\/sonamar.com\/es\/denuncias\/\",\"name\":\"Denuncias | Son Amar Mallorca\",\"isPartOf\":{\"@id\":\"https:\/\/sonamar.com\/es\/#website\"},\"primaryImageOfPage\":{\"@id\":\"https:\/\/sonamar.com\/es\/denuncias\/#primaryimage\"},\"image\":{\"@id\":\"https:\/\/sonamar.com\/es\/denuncias\/#primaryimage\"},\"thumbnailUrl\":\"https:\/\/sonamar.com\/wp-content\/plugins\/wpforms\/assets\/images\/submit-spin.svg\",\"datePublished\":\"2024-07-12T09:38:34+00:00\",\"dateModified\":\"2026-02-04T13:43:08+00:00\",\"breadcrumb\":{\"@id\":\"https:\/\/sonamar.com\/es\/denuncias\/#breadcrumb\"},\"inLanguage\":\"es\",\"potentialAction\":[{\"@type\":\"ReadAction\",\"target\":[\"https:\/\/sonamar.com\/es\/denuncias\/\"]}]},{\"@type\":\"ImageObject\",\"inLanguage\":\"es\",\"@id\":\"https:\/\/sonamar.com\/es\/denuncias\/#primaryimage\",\"url\":\"https:\/\/sonamar.com\/wp-content\/plugins\/wpforms\/assets\/images\/submit-spin.svg\",\"contentUrl\":\"https:\/\/sonamar.com\/wp-content\/plugins\/wpforms\/assets\/images\/submit-spin.svg\"},{\"@type\":\"BreadcrumbList\",\"@id\":\"https:\/\/sonamar.com\/es\/denuncias\/#breadcrumb\",\"itemListElement\":[{\"@type\":\"ListItem\",\"position\":1,\"name\":\"Home\",\"item\":\"https:\/\/sonamar.com\/es\/\"},{\"@type\":\"ListItem\",\"position\":2,\"name\":\"Denuncias\"}]},{\"@type\":\"WebSite\",\"@id\":\"https:\/\/sonamar.com\/es\/#website\",\"url\":\"https:\/\/sonamar.com\/es\/\",\"name\":\"Son Amar Mallorca\",\"description\":\"Mallorca&#039;s premier theatre, dining and events venue.\",\"publisher\":{\"@id\":\"https:\/\/sonamar.com\/es\/#organization\"},\"potentialAction\":[{\"@type\":\"SearchAction\",\"target\":{\"@type\":\"EntryPoint\",\"urlTemplate\":\"https:\/\/sonamar.com\/es\/?s={search_term_string}\"},\"query-input\":{\"@type\":\"PropertyValueSpecification\",\"valueRequired\":true,\"valueName\":\"search_term_string\"}}],\"inLanguage\":\"es\"},{\"@type\":[\"Organization\",\"Place\"],\"@id\":\"https:\/\/sonamar.com\/es\/#organization\",\"name\":\"House of Son Amar Mallorca\",\"url\":\"https:\/\/sonamar.com\/es\/\",\"logo\":{\"@id\":\"https:\/\/sonamar.com\/es\/denuncias\/#local-main-organization-logo\"},\"image\":{\"@id\":\"https:\/\/sonamar.com\/es\/denuncias\/#local-main-organization-logo\"},\"sameAs\":[\"https:\/\/www.facebook.com\/SonAmarMallorca\"],\"address\":{\"@id\":\"https:\/\/sonamar.com\/es\/denuncias\/#local-main-place-address\"},\"geo\":{\"@type\":\"GeoCoordinates\",\"latitude\":\"39.609680\",\"longitude\":\"2.654440\"},\"telephone\":[\"971 61 75 33\"],\"openingHoursSpecification\":[{\"@type\":\"OpeningHoursSpecification\",\"dayOfWeek\":[\"Monday\",\"Tuesday\",\"Wednesday\",\"Thursday\",\"Friday\",\"Saturday\",\"Sunday\"],\"opens\":\"09:00\",\"closes\":\"17:00\"}],\"email\":\"reservas@sonamar.com\"},{\"@type\":\"PostalAddress\",\"@id\":\"https:\/\/sonamar.com\/es\/denuncias\/#local-main-place-address\",\"streetAddress\":\"Carretera de Palma-Soller KM 10,8\",\"addressLocality\":\"Palmanyola\",\"postalCode\":\"07193\",\"addressRegion\":\"Balearic Islands\",\"addressCountry\":\"ES\"},{\"@type\":\"ImageObject\",\"inLanguage\":\"es\",\"@id\":\"https:\/\/sonamar.com\/es\/denuncias\/#local-main-organization-logo\",\"url\":\"https:\/\/sonamar.com\/wp-content\/uploads\/2022\/08\/118837122_3444479795633771_3305356779286475605_n.jpeg\",\"contentUrl\":\"https:\/\/sonamar.com\/wp-content\/uploads\/2022\/08\/118837122_3444479795633771_3305356779286475605_n.jpeg\",\"width\":802,\"height\":802,\"caption\":\"House of Son Amar Mallorca\"}]}<\/script>\n<meta name=\"geo.placename\" content=\"Palmanyola\" \/>\n<meta name=\"geo.position\" content=\"39.609680;2.654440\" \/>\n<meta name=\"geo.region\" content=\"Espa\u00f1a\" \/>\n<!-- \/ Yoast SEO Premium plugin. -->","yoast_head_json":{"title":"Denuncias | Son Amar Mallorca","robots":{"index":"index","follow":"follow","max-snippet":"max-snippet:-1","max-image-preview":"max-image-preview:large","max-video-preview":"max-video-preview:-1"},"canonical":"https:\/\/sonamar.com\/es\/denuncias\/","og_locale":"es_ES","og_type":"article","og_title":"Denuncias","og_description":"Env\u00eda una denuncia Puedes enviar una denuncia de forma segura a trav\u00e9s de este formulario. La informaci\u00f3n se cifrar\u00e1 para garantizar que se env\u00eda con los m\u00e1s altos est\u00e1ndares de privacidad y seguridad.Solo la persona designada por la empresa podr\u00e1 verla. Puedes denunciar este tipo de conductas indebidas: Acoso laboral Acoso sexual Competencias Contrataci\u00f3n p\u00fablica [&hellip;]","og_url":"https:\/\/sonamar.com\/es\/denuncias\/","og_site_name":"Son Amar Mallorca","article_publisher":"https:\/\/www.facebook.com\/SonAmarMallorca","article_modified_time":"2026-02-04T13:43:08+00:00","og_image":[{"url":"https:\/\/sonamar.com\/wp-content\/plugins\/wpforms\/assets\/images\/submit-spin.svg","type":"","width":"","height":""}],"twitter_card":"summary_large_image","twitter_misc":{"Tiempo de lectura":"1 minuto"},"schema":{"@context":"https:\/\/schema.org","@graph":[{"@type":"WebPage","@id":"https:\/\/sonamar.com\/es\/denuncias\/","url":"https:\/\/sonamar.com\/es\/denuncias\/","name":"Denuncias | Son Amar Mallorca","isPartOf":{"@id":"https:\/\/sonamar.com\/es\/#website"},"primaryImageOfPage":{"@id":"https:\/\/sonamar.com\/es\/denuncias\/#primaryimage"},"image":{"@id":"https:\/\/sonamar.com\/es\/denuncias\/#primaryimage"},"thumbnailUrl":"https:\/\/sonamar.com\/wp-content\/plugins\/wpforms\/assets\/images\/submit-spin.svg","datePublished":"2024-07-12T09:38:34+00:00","dateModified":"2026-02-04T13:43:08+00:00","breadcrumb":{"@id":"https:\/\/sonamar.com\/es\/denuncias\/#breadcrumb"},"inLanguage":"es","potentialAction":[{"@type":"ReadAction","target":["https:\/\/sonamar.com\/es\/denuncias\/"]}]},{"@type":"ImageObject","inLanguage":"es","@id":"https:\/\/sonamar.com\/es\/denuncias\/#primaryimage","url":"https:\/\/sonamar.com\/wp-content\/plugins\/wpforms\/assets\/images\/submit-spin.svg","contentUrl":"https:\/\/sonamar.com\/wp-content\/plugins\/wpforms\/assets\/images\/submit-spin.svg"},{"@type":"BreadcrumbList","@id":"https:\/\/sonamar.com\/es\/denuncias\/#breadcrumb","itemListElement":[{"@type":"ListItem","position":1,"name":"Home","item":"https:\/\/sonamar.com\/es\/"},{"@type":"ListItem","position":2,"name":"Denuncias"}]},{"@type":"WebSite","@id":"https:\/\/sonamar.com\/es\/#website","url":"https:\/\/sonamar.com\/es\/","name":"Son Amar Mallorca","description":"Mallorca&#039;s premier theatre, dining and events venue.","publisher":{"@id":"https:\/\/sonamar.com\/es\/#organization"},"potentialAction":[{"@type":"SearchAction","target":{"@type":"EntryPoint","urlTemplate":"https:\/\/sonamar.com\/es\/?s={search_term_string}"},"query-input":{"@type":"PropertyValueSpecification","valueRequired":true,"valueName":"search_term_string"}}],"inLanguage":"es"},{"@type":["Organization","Place"],"@id":"https:\/\/sonamar.com\/es\/#organization","name":"House of Son Amar Mallorca","url":"https:\/\/sonamar.com\/es\/","logo":{"@id":"https:\/\/sonamar.com\/es\/denuncias\/#local-main-organization-logo"},"image":{"@id":"https:\/\/sonamar.com\/es\/denuncias\/#local-main-organization-logo"},"sameAs":["https:\/\/www.facebook.com\/SonAmarMallorca"],"address":{"@id":"https:\/\/sonamar.com\/es\/denuncias\/#local-main-place-address"},"geo":{"@type":"GeoCoordinates","latitude":"39.609680","longitude":"2.654440"},"telephone":["971 61 75 33","971 61 75 33"],"openingHoursSpecification":[{"@type":"OpeningHoursSpecification","dayOfWeek":["Monday","Tuesday","Wednesday","Thursday","Friday","Saturday","Sunday"],"opens":"09:00","closes":"17:00"}],"email":"reservas@sonamar.com"},{"@type":"PostalAddress","@id":"https:\/\/sonamar.com\/es\/denuncias\/#local-main-place-address","streetAddress":"Carretera de Palma-Soller KM 10,8","addressLocality":"Palmanyola","postalCode":"07193","addressRegion":"Balearic Islands","addressCountry":"ES"},{"@type":"ImageObject","inLanguage":"es","@id":"https:\/\/sonamar.com\/es\/denuncias\/#local-main-organization-logo","url":"https:\/\/sonamar.com\/wp-content\/uploads\/2022\/08\/118837122_3444479795633771_3305356779286475605_n.jpeg","contentUrl":"https:\/\/sonamar.com\/wp-content\/uploads\/2022\/08\/118837122_3444479795633771_3305356779286475605_n.jpeg","width":802,"height":802,"caption":"House of Son Amar Mallorca"}]},"geo.placename":"Palmanyola","geo.position":{"lat":"39.609680","long":"2.654440"},"geo.region":"Espa\u00f1a"},"_links":{"self":[{"href":"https:\/\/sonamar.com\/es\/wp-json\/wp\/v2\/pages\/9496","targetHints":{"allow":["GET"]}}],"collection":[{"href":"https:\/\/sonamar.com\/es\/wp-json\/wp\/v2\/pages"}],"about":[{"href":"https:\/\/sonamar.com\/es\/wp-json\/wp\/v2\/types\/page"}],"author":[{"embeddable":true,"href":"https:\/\/sonamar.com\/es\/wp-json\/wp\/v2\/users\/2"}],"replies":[{"embeddable":true,"href":"https:\/\/sonamar.com\/es\/wp-json\/wp\/v2\/comments?post=9496"}],"version-history":[{"count":1,"href":"https:\/\/sonamar.com\/es\/wp-json\/wp\/v2\/pages\/9496\/revisions"}],"predecessor-version":[{"id":9497,"href":"https:\/\/sonamar.com\/es\/wp-json\/wp\/v2\/pages\/9496\/revisions\/9497"}],"wp:attachment":[{"href":"https:\/\/sonamar.com\/es\/wp-json\/wp\/v2\/media?parent=9496"}],"curies":[{"name":"wp","href":"https:\/\/api.w.org\/{rel}","templated":true}]}}