{"id":8527,"date":"2024-11-14T12:04:07","date_gmt":"2024-11-14T11:04:07","guid":{"rendered":"https:\/\/sonamar.com\/black-friday\/"},"modified":"2026-02-10T11:31:03","modified_gmt":"2026-02-10T10:31:03","slug":"black-friday","status":"publish","type":"page","link":"https:\/\/sonamar.com\/es\/black-friday\/","title":{"rendered":"BODAS"},"content":{"rendered":"\t\t<div data-elementor-type=\"wp-page\" data-elementor-id=\"8527\" class=\"elementor elementor-8527 elementor-8510\" data-elementor-post-type=\"page\">\n\t\t\t\t<div class=\"elementor-element elementor-element-097da0e e-flex e-con-boxed e-con e-parent\" data-id=\"097da0e\" data-element_type=\"container\">\n\t\t\t\t\t<div class=\"e-con-inner\">\n\t\t\t\t<div class=\"elementor-element elementor-element-99d3e3b elementor-widget elementor-widget-spacer\" data-id=\"99d3e3b\" data-element_type=\"widget\" data-widget_type=\"spacer.default\">\n\t\t\t\t<div class=\"elementor-widget-container\">\n\t\t\t\t\t\t\t<div class=\"elementor-spacer\">\n\t\t\t<div class=\"elementor-spacer-inner\"><\/div>\n\t\t<\/div>\n\t\t\t\t\t\t<\/div>\n\t\t\t\t<\/div>\n\t\t\t\t<div class=\"elementor-element elementor-element-0e1e4d9 elementor-widget elementor-widget-image\" data-id=\"0e1e4d9\" data-element_type=\"widget\" data-widget_type=\"image.default\">\n\t\t\t\t<div class=\"elementor-widget-container\">\n\t\t\t\t\t\t\t\t\t\t\t\t\t\t\t<img fetchpriority=\"high\" decoding=\"async\" width=\"815\" height=\"1024\" src=\"https:\/\/sonamar.com\/wp-content\/uploads\/2026\/02\/tubodasmallorca_event-815x1024.png\" class=\"attachment-large size-large wp-image-9673\" alt=\"\" srcset=\"https:\/\/sonamar.com\/wp-content\/uploads\/2026\/02\/tubodasmallorca_event-815x1024.png 815w, https:\/\/sonamar.com\/wp-content\/uploads\/2026\/02\/tubodasmallorca_event-239x300.png 239w, https:\/\/sonamar.com\/wp-content\/uploads\/2026\/02\/tubodasmallorca_event-768x965.png 768w, https:\/\/sonamar.com\/wp-content\/uploads\/2026\/02\/tubodasmallorca_event.png 873w\" sizes=\"(max-width: 815px) 100vw, 815px\" \/>\t\t\t\t\t\t\t\t\t\t\t\t\t\t\t<\/div>\n\t\t\t\t<\/div>\n\t\t\t\t<div class=\"elementor-element elementor-element-1eddf47 elementor-widget elementor-widget-heading\" data-id=\"1eddf47\" data-element_type=\"widget\" data-widget_type=\"heading.default\">\n\t\t\t\t<div class=\"elementor-widget-container\">\n\t\t\t\t\t<div class=\"elementor-heading-title elementor-size-default\">VIS\u00cdTANOS EN NUESTRO STAND Y TENDR\u00c1S<span><\/span><\/div>\t\t\t\t<\/div>\n\t\t\t\t<\/div>\n\t\t\t\t<div class=\"elementor-element elementor-element-550657d elementor-widget elementor-widget-heading\" data-id=\"550657d\" data-element_type=\"widget\" data-widget_type=\"heading.default\">\n\t\t\t\t<div class=\"elementor-widget-container\">\n\t\t\t\t\t<div class=\"elementor-heading-title elementor-size-default\">ofertas especiales<\/div>\t\t\t\t<\/div>\n\t\t\t\t<\/div>\n\t\t\t\t<div class=\"elementor-element elementor-element-cebdf32 elementor-widget elementor-widget-text-editor\" data-id=\"cebdf32\" data-element_type=\"widget\" data-widget_type=\"text-editor.default\">\n\t\t\t\t<div class=\"elementor-widget-container\">\n\t\t\t\t\t\t\t\t\t<p>Domingo 22 de marzo\u00a0 \u00b7\u00a0 12h a 18h<\/p>\t\t\t\t\t\t\t\t<\/div>\n\t\t\t\t<\/div>\n\t\t<div class=\"elementor-element elementor-element-2474a1b e-con-full e-flex e-con e-child\" data-id=\"2474a1b\" data-element_type=\"container\">\n\t\t\t\t<div class=\"elementor-element elementor-element-2d8dab5 elementor-align-center elementor-widget elementor-widget-button\" data-id=\"2d8dab5\" data-element_type=\"widget\" data-widget_type=\"button.default\">\n\t\t\t\t<div class=\"elementor-widget-container\">\n\t\t\t\t\t\t\t\t\t<div class=\"elementor-button-wrapper\">\n\t\t\t\t\t<a class=\"elementor-button elementor-button-link elementor-size-sm\" href=\"https:\/\/tubodaenmallorca.es\/listado\/25o-tu-boda-meeting-point\/\" target=\"_blank\">\n\t\t\t\t\t\t<span class=\"elementor-button-content-wrapper\">\n\t\t\t\t\t\t\t\t\t<span class=\"elementor-button-text\">CONSIGUE TU ENTREDA GRATIS AQU\u00cd<\/span>\n\t\t\t\t\t<\/span>\n\t\t\t\t\t<\/a>\n\t\t\t\t<\/div>\n\t\t\t\t\t\t\t\t<\/div>\n\t\t\t\t<\/div>\n\t\t\t\t<\/div>\n\t\t\t\t\t<\/div>\n\t\t\t\t<\/div>\n\t\t<div class=\"elementor-element elementor-element-91b230f e-flex e-con-boxed e-con e-parent\" data-id=\"91b230f\" data-element_type=\"container\">\n\t\t\t\t\t<div class=\"e-con-inner\">\n\t\t\t\t<div class=\"elementor-element elementor-element-eed1af3 elementor-widget-divider--view-line elementor-widget elementor-widget-divider\" data-id=\"eed1af3\" data-element_type=\"widget\" data-widget_type=\"divider.default\">\n\t\t\t\t<div class=\"elementor-widget-container\">\n\t\t\t\t\t\t\t<div class=\"elementor-divider\">\n\t\t\t<span class=\"elementor-divider-separator\">\n\t\t\t\t\t\t<\/span>\n\t\t<\/div>\n\t\t\t\t\t\t<\/div>\n\t\t\t\t<\/div>\n\t\t<div class=\"elementor-element elementor-element-43da946 e-con-full e-flex e-con e-child\" data-id=\"43da946\" data-element_type=\"container\" data-settings=\"{&quot;background_background&quot;:&quot;classic&quot;}\">\n\t\t<div class=\"elementor-element elementor-element-b81041f e-flex e-con-boxed e-con e-child\" data-id=\"b81041f\" data-element_type=\"container\" data-settings=\"{&quot;background_background&quot;:&quot;classic&quot;}\">\n\t\t\t\t\t<div class=\"e-con-inner\">\n\t\t<div class=\"elementor-element elementor-element-b0e2ac8 e-con-full e-flex e-con e-child\" data-id=\"b0e2ac8\" data-element_type=\"container\" data-settings=\"{&quot;background_background&quot;:&quot;slideshow&quot;,&quot;background_slideshow_gallery&quot;:[{&quot;id&quot;:9795,&quot;url&quot;:&quot;https:\\\/\\\/sonamar.com\\\/wp-content\\\/uploads\\\/2026\\\/02\\\/DSC_2075-1-1.jpg&quot;},{&quot;id&quot;:9797,&quot;url&quot;:&quot;https:\\\/\\\/sonamar.com\\\/wp-content\\\/uploads\\\/2026\\\/02\\\/DSC_3735-scaled-1-1.jpg&quot;},{&quot;id&quot;:9799,&quot;url&quot;:&quot;https:\\\/\\\/sonamar.com\\\/wp-content\\\/uploads\\\/2026\\\/02\\\/Mesas-1-1.jpeg&quot;},{&quot;id&quot;:9801,&quot;url&quot;:&quot;https:\\\/\\\/sonamar.com\\\/wp-content\\\/uploads\\\/2026\\\/02\\\/IMG_0946-scaled-1-1.jpg&quot;},{&quot;id&quot;:9803,&quot;url&quot;:&quot;https:\\\/\\\/sonamar.com\\\/wp-content\\\/uploads\\\/2026\\\/02\\\/304-rogerphotographer.com_-1-1.jpg&quot;},{&quot;id&quot;:9805,&quot;url&quot;:&quot;https:\\\/\\\/sonamar.com\\\/wp-content\\\/uploads\\\/2026\\\/02\\\/IMG_0716-scaled-1-1.jpg&quot;},{&quot;id&quot;:9807,&quot;url&quot;:&quot;https:\\\/\\\/sonamar.com\\\/wp-content\\\/uploads\\\/2026\\\/02\\\/419-rogerphotographer.com_-2-1.jpg&quot;},{&quot;id&quot;:9793,&quot;url&quot;:&quot;https:\\\/\\\/sonamar.com\\\/wp-content\\\/uploads\\\/2026\\\/02\\\/Jardin-blanco_boda-scaled-1-1.jpg&quot;}],&quot;background_slideshow_lazyload&quot;:&quot;yes&quot;,&quot;background_slideshow_ken_burns&quot;:&quot;yes&quot;,&quot;animation&quot;:&quot;none&quot;,&quot;background_slideshow_loop&quot;:&quot;yes&quot;,&quot;background_slideshow_slide_duration&quot;:5000,&quot;background_slideshow_slide_transition&quot;:&quot;fade&quot;,&quot;background_slideshow_transition_duration&quot;:500,&quot;background_slideshow_ken_burns_zoom_direction&quot;:&quot;in&quot;}\">\n\t\t\t\t<\/div>\n\t\t<div class=\"elementor-element elementor-element-697dfee e-con-full e-flex e-con e-child\" data-id=\"697dfee\" data-element_type=\"container\">\n\t\t<div class=\"elementor-element elementor-element-fcb2178 e-con-full e-flex e-con e-child\" data-id=\"fcb2178\" data-element_type=\"container\" data-settings=\"{&quot;background_background&quot;:&quot;classic&quot;}\">\n\t\t\t\t<div class=\"elementor-element elementor-element-62da6aa elementor-widget elementor-widget-heading\" data-id=\"62da6aa\" data-element_type=\"widget\" data-widget_type=\"heading.default\">\n\t\t\t\t<div class=\"elementor-widget-container\">\n\t\t\t\t\t<h3 class=\"elementor-heading-title elementor-size-default\">quieres celebrar la boda con nosotros?<\/h3>\t\t\t\t<\/div>\n\t\t\t\t<\/div>\n\t\t\t\t<div class=\"elementor-element elementor-element-2801af7 elementor-widget elementor-widget-text-editor\" data-id=\"2801af7\" data-element_type=\"widget\" data-widget_type=\"text-editor.default\">\n\t\t\t\t<div class=\"elementor-widget-container\">\n\t\t\t\t\t\t\t\t\t<p class=\"p1\">Imagina celebrar el d\u00eda m\u00e1s importante de tu vida en una finca mallorquina con siglos de historia, rodeada de jardines majestuosos, patios de piedra y rincones llenos de encanto.<\/p><p class=\"p1\">En Son Amar, cada espacio respira romanticismo y elegancia, creando el escenario perfecto para que tu historia de amor brille con luz propia.<\/p><p class=\"p1\">Nuestros salones y espacios al aire libre, cuidados hasta el \u00faltimo detalle, se transforman para acoger desde \u00edntimas ceremonias hasta recepciones de gran formato. Con capacidad para hasta 2.000 invitados, tecnolog\u00eda de \u00faltima generaci\u00f3n en sonido e iluminaci\u00f3n, y un equipo apasionado a tu lado, convertimos cada momento en una experiencia inolvidable.<\/p>\t\t\t\t\t\t\t\t<\/div>\n\t\t\t\t<\/div>\n\t\t<div class=\"elementor-element elementor-element-c07b8be e-grid e-con-full e-con e-child\" data-id=\"c07b8be\" data-element_type=\"container\">\n\t\t\t\t<div class=\"elementor-element elementor-element-9f81e3f elementor-align-center elementor-widget elementor-widget-button\" data-id=\"9f81e3f\" data-element_type=\"widget\" data-widget_type=\"button.default\">\n\t\t\t\t<div class=\"elementor-widget-container\">\n\t\t\t\t\t\t\t\t\t<div class=\"elementor-button-wrapper\">\n\t\t\t\t\t<a class=\"elementor-button elementor-button-link elementor-size-sm\" href=\"https:\/\/sonamar.com\/es\/contacte-con\/\" target=\"_blank\">\n\t\t\t\t\t\t<span class=\"elementor-button-content-wrapper\">\n\t\t\t\t\t\t\t\t\t<span class=\"elementor-button-text\">contactar<\/span>\n\t\t\t\t\t<\/span>\n\t\t\t\t\t<\/a>\n\t\t\t\t<\/div>\n\t\t\t\t\t\t\t\t<\/div>\n\t\t\t\t<\/div>\n\t\t\t\t<div class=\"elementor-element elementor-element-8fb2f32 elementor-align-center elementor-widget elementor-widget-button\" data-id=\"8fb2f32\" data-element_type=\"widget\" data-widget_type=\"button.default\">\n\t\t\t\t<div class=\"elementor-widget-container\">\n\t\t\t\t\t\t\t\t\t<div class=\"elementor-button-wrapper\">\n\t\t\t\t\t<a class=\"elementor-button elementor-button-link elementor-size-sm\" href=\"https:\/\/sonamarcloud.quickconnect.to\/d\/s\/16j5CSxNjEOwkX2Rm6haTwQwtwGZbbyz\/jfGGhejFRef847jJ0vXIICc1etsNmTfN-9rngoANl9Qw\" target=\"_blank\">\n\t\t\t\t\t\t<span class=\"elementor-button-content-wrapper\">\n\t\t\t\t\t\t<span class=\"elementor-button-icon\">\n\t\t\t\t<i aria-hidden=\"true\" class=\"fas fa-download\"><\/i>\t\t\t<\/span>\n\t\t\t\t\t\t\t\t\t<span class=\"elementor-button-text\">cat\u00e1logo<\/span>\n\t\t\t\t\t<\/span>\n\t\t\t\t\t<\/a>\n\t\t\t\t<\/div>\n\t\t\t\t\t\t\t\t<\/div>\n\t\t\t\t<\/div>\n\t\t\t\t<\/div>\n\t\t\t\t<\/div>\n\t\t\t\t<\/div>\n\t\t\t\t\t<\/div>\n\t\t\t\t<\/div>\n\t\t\t\t<div class=\"elementor-element elementor-element-3d78dd1 elementor-widget elementor-widget-spacer\" data-id=\"3d78dd1\" data-element_type=\"widget\" data-widget_type=\"spacer.default\">\n\t\t\t\t<div class=\"elementor-widget-container\">\n\t\t\t\t\t\t\t<div class=\"elementor-spacer\">\n\t\t\t<div class=\"elementor-spacer-inner\"><\/div>\n\t\t<\/div>\n\t\t\t\t\t\t<\/div>\n\t\t\t\t<\/div>\n\t\t\t\t<\/div>\n\t\t\t\t\t<\/div>\n\t\t\t\t<\/div>\n\t\t\t\t<\/div>\n\t\t","protected":false},"excerpt":{"rendered":"<p>VIS\u00cdTANOS EN NUESTRO STAND Y TENDR\u00c1S ofertas especiales Domingo 22 de marzo\u00a0 \u00b7\u00a0 12h a 18h CONSIGUE TU ENTREDA GRATIS AQU\u00cd quieres celebrar la boda con nosotros? Imagina celebrar el d\u00eda m\u00e1s importante de tu vida en una finca mallorquina con siglos de historia, rodeada de jardines majestuosos, patios de piedra y rincones llenos de [&hellip;]<\/p>\n","protected":false},"author":2,"featured_media":0,"parent":0,"menu_order":0,"comment_status":"closed","ping_status":"closed","template":"","meta":{"footnotes":""},"class_list":["post-8527","page","type-page","status-publish","hentry"],"blocksy_meta":[],"yoast_head":"<!-- This site is optimized with the Yoast SEO Premium plugin v21.9 (Yoast SEO v25.9) - https:\/\/yoast.com\/wordpress\/plugins\/seo\/ -->\n<title>BODAS | Son Amar Mallorca<\/title>\n<meta name=\"robots\" content=\"index, follow, max-snippet:-1, max-image-preview:large, max-video-preview:-1\" \/>\n<link rel=\"canonical\" href=\"https:\/\/sonamar.com\/es\/black-friday\/\" \/>\n<meta property=\"og:locale\" content=\"es_ES\" \/>\n<meta property=\"og:type\" content=\"article\" \/>\n<meta property=\"og:title\" content=\"BODAS\" \/>\n<meta property=\"og:description\" content=\"VIS\u00cdTANOS EN NUESTRO STAND Y TENDR\u00c1S ofertas especiales Domingo 22 de marzo\u00a0 \u00b7\u00a0 12h a 18h CONSIGUE TU ENTREDA GRATIS AQU\u00cd quieres celebrar la boda con nosotros? Imagina celebrar el d\u00eda m\u00e1s importante de tu vida en una finca mallorquina con siglos de historia, rodeada de jardines majestuosos, patios de piedra y rincones llenos de [&hellip;]\" \/>\n<meta property=\"og:url\" content=\"https:\/\/sonamar.com\/es\/black-friday\/\" \/>\n<meta property=\"og:site_name\" content=\"Son Amar Mallorca\" \/>\n<meta property=\"article:publisher\" content=\"https:\/\/www.facebook.com\/SonAmarMallorca\" \/>\n<meta property=\"article:modified_time\" content=\"2026-02-10T10:31:03+00:00\" \/>\n<meta property=\"og:image\" content=\"https:\/\/sonamar.com\/wp-content\/uploads\/2026\/02\/tubodasmallorca_event.png\" \/>\n\t<meta property=\"og:image:width\" content=\"873\" \/>\n\t<meta property=\"og:image:height\" content=\"1097\" \/>\n\t<meta property=\"og:image:type\" content=\"image\/png\" \/>\n<meta name=\"twitter:card\" content=\"summary_large_image\" \/>\n<meta name=\"twitter:label1\" content=\"Tiempo de lectura\" \/>\n\t<meta name=\"twitter:data1\" content=\"1 minuto\" \/>\n<script type=\"application\/ld+json\" class=\"yoast-schema-graph\">{\"@context\":\"https:\/\/schema.org\",\"@graph\":[{\"@type\":\"WebPage\",\"@id\":\"https:\/\/sonamar.com\/es\/black-friday\/\",\"url\":\"https:\/\/sonamar.com\/es\/black-friday\/\",\"name\":\"BODAS | Son Amar Mallorca\",\"isPartOf\":{\"@id\":\"https:\/\/sonamar.com\/es\/#website\"},\"primaryImageOfPage\":{\"@id\":\"https:\/\/sonamar.com\/es\/black-friday\/#primaryimage\"},\"image\":{\"@id\":\"https:\/\/sonamar.com\/es\/black-friday\/#primaryimage\"},\"thumbnailUrl\":\"https:\/\/sonamar.com\/wp-content\/uploads\/2026\/02\/tubodasmallorca_event-815x1024.png\",\"datePublished\":\"2024-11-14T11:04:07+00:00\",\"dateModified\":\"2026-02-10T10:31:03+00:00\",\"breadcrumb\":{\"@id\":\"https:\/\/sonamar.com\/es\/black-friday\/#breadcrumb\"},\"inLanguage\":\"es\",\"potentialAction\":[{\"@type\":\"ReadAction\",\"target\":[\"https:\/\/sonamar.com\/es\/black-friday\/\"]}]},{\"@type\":\"ImageObject\",\"inLanguage\":\"es\",\"@id\":\"https:\/\/sonamar.com\/es\/black-friday\/#primaryimage\",\"url\":\"https:\/\/sonamar.com\/wp-content\/uploads\/2026\/02\/tubodasmallorca_event-815x1024.png\",\"contentUrl\":\"https:\/\/sonamar.com\/wp-content\/uploads\/2026\/02\/tubodasmallorca_event-815x1024.png\"},{\"@type\":\"BreadcrumbList\",\"@id\":\"https:\/\/sonamar.com\/es\/black-friday\/#breadcrumb\",\"itemListElement\":[{\"@type\":\"ListItem\",\"position\":1,\"name\":\"Home\",\"item\":\"https:\/\/sonamar.com\/es\/\"},{\"@type\":\"ListItem\",\"position\":2,\"name\":\"BODAS\"}]},{\"@type\":\"WebSite\",\"@id\":\"https:\/\/sonamar.com\/es\/#website\",\"url\":\"https:\/\/sonamar.com\/es\/\",\"name\":\"Son Amar Mallorca\",\"description\":\"Mallorca&#039;s premier theatre, dining and events venue.\",\"publisher\":{\"@id\":\"https:\/\/sonamar.com\/es\/#organization\"},\"potentialAction\":[{\"@type\":\"SearchAction\",\"target\":{\"@type\":\"EntryPoint\",\"urlTemplate\":\"https:\/\/sonamar.com\/es\/?s={search_term_string}\"},\"query-input\":{\"@type\":\"PropertyValueSpecification\",\"valueRequired\":true,\"valueName\":\"search_term_string\"}}],\"inLanguage\":\"es\"},{\"@type\":[\"Organization\",\"Place\"],\"@id\":\"https:\/\/sonamar.com\/es\/#organization\",\"name\":\"House of Son Amar Mallorca\",\"url\":\"https:\/\/sonamar.com\/es\/\",\"logo\":{\"@id\":\"https:\/\/sonamar.com\/es\/black-friday\/#local-main-organization-logo\"},\"image\":{\"@id\":\"https:\/\/sonamar.com\/es\/black-friday\/#local-main-organization-logo\"},\"sameAs\":[\"https:\/\/www.facebook.com\/SonAmarMallorca\"],\"address\":{\"@id\":\"https:\/\/sonamar.com\/es\/black-friday\/#local-main-place-address\"},\"geo\":{\"@type\":\"GeoCoordinates\",\"latitude\":\"39.609680\",\"longitude\":\"2.654440\"},\"telephone\":[\"971 61 75 33\"],\"openingHoursSpecification\":[{\"@type\":\"OpeningHoursSpecification\",\"dayOfWeek\":[\"Monday\",\"Tuesday\",\"Wednesday\",\"Thursday\",\"Friday\",\"Saturday\",\"Sunday\"],\"opens\":\"09:00\",\"closes\":\"17:00\"}],\"email\":\"reservas@sonamar.com\"},{\"@type\":\"PostalAddress\",\"@id\":\"https:\/\/sonamar.com\/es\/black-friday\/#local-main-place-address\",\"streetAddress\":\"Carretera de Palma-Soller KM 10,8\",\"addressLocality\":\"Palmanyola\",\"postalCode\":\"07193\",\"addressRegion\":\"Balearic Islands\",\"addressCountry\":\"ES\"},{\"@type\":\"ImageObject\",\"inLanguage\":\"es\",\"@id\":\"https:\/\/sonamar.com\/es\/black-friday\/#local-main-organization-logo\",\"url\":\"https:\/\/sonamar.com\/wp-content\/uploads\/2022\/08\/118837122_3444479795633771_3305356779286475605_n.jpeg\",\"contentUrl\":\"https:\/\/sonamar.com\/wp-content\/uploads\/2022\/08\/118837122_3444479795633771_3305356779286475605_n.jpeg\",\"width\":802,\"height\":802,\"caption\":\"House of Son Amar Mallorca\"}]}<\/script>\n<meta name=\"geo.placename\" content=\"Palmanyola\" \/>\n<meta name=\"geo.position\" content=\"39.609680;2.654440\" \/>\n<meta name=\"geo.region\" content=\"Espa\u00f1a\" \/>\n<!-- \/ Yoast SEO Premium plugin. -->","yoast_head_json":{"title":"BODAS | Son Amar Mallorca","robots":{"index":"index","follow":"follow","max-snippet":"max-snippet:-1","max-image-preview":"max-image-preview:large","max-video-preview":"max-video-preview:-1"},"canonical":"https:\/\/sonamar.com\/es\/black-friday\/","og_locale":"es_ES","og_type":"article","og_title":"BODAS","og_description":"VIS\u00cdTANOS EN NUESTRO STAND Y TENDR\u00c1S ofertas especiales Domingo 22 de marzo\u00a0 \u00b7\u00a0 12h a 18h CONSIGUE TU ENTREDA GRATIS AQU\u00cd quieres celebrar la boda con nosotros? Imagina celebrar el d\u00eda m\u00e1s importante de tu vida en una finca mallorquina con siglos de historia, rodeada de jardines majestuosos, patios de piedra y rincones llenos de [&hellip;]","og_url":"https:\/\/sonamar.com\/es\/black-friday\/","og_site_name":"Son Amar Mallorca","article_publisher":"https:\/\/www.facebook.com\/SonAmarMallorca","article_modified_time":"2026-02-10T10:31:03+00:00","og_image":[{"width":873,"height":1097,"url":"https:\/\/sonamar.com\/wp-content\/uploads\/2026\/02\/tubodasmallorca_event.png","type":"image\/png"}],"twitter_card":"summary_large_image","twitter_misc":{"Tiempo de lectura":"1 minuto"},"schema":{"@context":"https:\/\/schema.org","@graph":[{"@type":"WebPage","@id":"https:\/\/sonamar.com\/es\/black-friday\/","url":"https:\/\/sonamar.com\/es\/black-friday\/","name":"BODAS | Son Amar Mallorca","isPartOf":{"@id":"https:\/\/sonamar.com\/es\/#website"},"primaryImageOfPage":{"@id":"https:\/\/sonamar.com\/es\/black-friday\/#primaryimage"},"image":{"@id":"https:\/\/sonamar.com\/es\/black-friday\/#primaryimage"},"thumbnailUrl":"https:\/\/sonamar.com\/wp-content\/uploads\/2026\/02\/tubodasmallorca_event-815x1024.png","datePublished":"2024-11-14T11:04:07+00:00","dateModified":"2026-02-10T10:31:03+00:00","breadcrumb":{"@id":"https:\/\/sonamar.com\/es\/black-friday\/#breadcrumb"},"inLanguage":"es","potentialAction":[{"@type":"ReadAction","target":["https:\/\/sonamar.com\/es\/black-friday\/"]}]},{"@type":"ImageObject","inLanguage":"es","@id":"https:\/\/sonamar.com\/es\/black-friday\/#primaryimage","url":"https:\/\/sonamar.com\/wp-content\/uploads\/2026\/02\/tubodasmallorca_event-815x1024.png","contentUrl":"https:\/\/sonamar.com\/wp-content\/uploads\/2026\/02\/tubodasmallorca_event-815x1024.png"},{"@type":"BreadcrumbList","@id":"https:\/\/sonamar.com\/es\/black-friday\/#breadcrumb","itemListElement":[{"@type":"ListItem","position":1,"name":"Home","item":"https:\/\/sonamar.com\/es\/"},{"@type":"ListItem","position":2,"name":"BODAS"}]},{"@type":"WebSite","@id":"https:\/\/sonamar.com\/es\/#website","url":"https:\/\/sonamar.com\/es\/","name":"Son Amar Mallorca","description":"Mallorca&#039;s premier theatre, dining and events venue.","publisher":{"@id":"https:\/\/sonamar.com\/es\/#organization"},"potentialAction":[{"@type":"SearchAction","target":{"@type":"EntryPoint","urlTemplate":"https:\/\/sonamar.com\/es\/?s={search_term_string}"},"query-input":{"@type":"PropertyValueSpecification","valueRequired":true,"valueName":"search_term_string"}}],"inLanguage":"es"},{"@type":["Organization","Place"],"@id":"https:\/\/sonamar.com\/es\/#organization","name":"House of Son Amar Mallorca","url":"https:\/\/sonamar.com\/es\/","logo":{"@id":"https:\/\/sonamar.com\/es\/black-friday\/#local-main-organization-logo"},"image":{"@id":"https:\/\/sonamar.com\/es\/black-friday\/#local-main-organization-logo"},"sameAs":["https:\/\/www.facebook.com\/SonAmarMallorca"],"address":{"@id":"https:\/\/sonamar.com\/es\/black-friday\/#local-main-place-address"},"geo":{"@type":"GeoCoordinates","latitude":"39.609680","longitude":"2.654440"},"telephone":["971 61 75 33","971 61 75 33"],"openingHoursSpecification":[{"@type":"OpeningHoursSpecification","dayOfWeek":["Monday","Tuesday","Wednesday","Thursday","Friday","Saturday","Sunday"],"opens":"09:00","closes":"17:00"}],"email":"reservas@sonamar.com"},{"@type":"PostalAddress","@id":"https:\/\/sonamar.com\/es\/black-friday\/#local-main-place-address","streetAddress":"Carretera de Palma-Soller KM 10,8","addressLocality":"Palmanyola","postalCode":"07193","addressRegion":"Balearic Islands","addressCountry":"ES"},{"@type":"ImageObject","inLanguage":"es","@id":"https:\/\/sonamar.com\/es\/black-friday\/#local-main-organization-logo","url":"https:\/\/sonamar.com\/wp-content\/uploads\/2022\/08\/118837122_3444479795633771_3305356779286475605_n.jpeg","contentUrl":"https:\/\/sonamar.com\/wp-content\/uploads\/2022\/08\/118837122_3444479795633771_3305356779286475605_n.jpeg","width":802,"height":802,"caption":"House of Son Amar Mallorca"}]},"geo.placename":"Palmanyola","geo.position":{"lat":"39.609680","long":"2.654440"},"geo.region":"Espa\u00f1a"},"_links":{"self":[{"href":"https:\/\/sonamar.com\/es\/wp-json\/wp\/v2\/pages\/8527","targetHints":{"allow":["GET"]}}],"collection":[{"href":"https:\/\/sonamar.com\/es\/wp-json\/wp\/v2\/pages"}],"about":[{"href":"https:\/\/sonamar.com\/es\/wp-json\/wp\/v2\/types\/page"}],"author":[{"embeddable":true,"href":"https:\/\/sonamar.com\/es\/wp-json\/wp\/v2\/users\/2"}],"replies":[{"embeddable":true,"href":"https:\/\/sonamar.com\/es\/wp-json\/wp\/v2\/comments?post=8527"}],"version-history":[{"count":14,"href":"https:\/\/sonamar.com\/es\/wp-json\/wp\/v2\/pages\/8527\/revisions"}],"predecessor-version":[{"id":9812,"href":"https:\/\/sonamar.com\/es\/wp-json\/wp\/v2\/pages\/8527\/revisions\/9812"}],"wp:attachment":[{"href":"https:\/\/sonamar.com\/es\/wp-json\/wp\/v2\/media?parent=8527"}],"curies":[{"name":"wp","href":"https:\/\/api.w.org\/{rel}","templated":true}]}}