{"id":7916,"date":"2024-09-03T13:34:19","date_gmt":"2024-09-03T11:34:19","guid":{"rendered":"https:\/\/sonamar.com\/nochevieja\/"},"modified":"2024-11-28T10:38:15","modified_gmt":"2024-11-28T09:38:15","slug":"nochevieja","status":"publish","type":"page","link":"https:\/\/sonamar.com\/es\/nochevieja\/","title":{"rendered":"Nochevieja"},"content":{"rendered":"\t\t<div data-elementor-type=\"wp-page\" data-elementor-id=\"7916\" class=\"elementor elementor-7916\" data-elementor-post-type=\"page\">\n\t\t\t\t<div class=\"elementor-element elementor-element-b8c83ae e-flex e-con-boxed e-con e-parent\" data-id=\"b8c83ae\" data-element_type=\"container\" data-settings=\"{&quot;background_background&quot;:&quot;classic&quot;}\">\n\t\t\t\t\t<div class=\"e-con-inner\">\n\t\t\t\t<div class=\"elementor-element elementor-element-c5b88d1 elementor-widget elementor-widget-image\" data-id=\"c5b88d1\" data-element_type=\"widget\" data-widget_type=\"image.default\">\n\t\t\t\t<div class=\"elementor-widget-container\">\n\t\t\t\t\t\t\t\t\t\t\t\t\t\t\t<img fetchpriority=\"high\" decoding=\"async\" width=\"703\" height=\"1024\" src=\"https:\/\/sonamar.com\/wp-content\/uploads\/2024\/09\/gala-703x1024.jpg\" class=\"attachment-large size-large wp-image-7842\" alt=\"\" srcset=\"https:\/\/sonamar.com\/wp-content\/uploads\/2024\/09\/gala-703x1024.jpg 703w, https:\/\/sonamar.com\/wp-content\/uploads\/2024\/09\/gala-206x300.jpg 206w, https:\/\/sonamar.com\/wp-content\/uploads\/2024\/09\/gala-768x1119.jpg 768w, https:\/\/sonamar.com\/wp-content\/uploads\/2024\/09\/gala-1055x1536.jpg 1055w, https:\/\/sonamar.com\/wp-content\/uploads\/2024\/09\/gala.jpg 1080w\" sizes=\"(max-width: 703px) 100vw, 703px\" \/>\t\t\t\t\t\t\t\t\t\t\t\t\t\t\t<\/div>\n\t\t\t\t<\/div>\n\t\t\t\t\t<\/div>\n\t\t\t\t<\/div>\n\t\t<div class=\"elementor-element elementor-element-354aede e-flex e-con-boxed e-con e-parent\" data-id=\"354aede\" data-element_type=\"container\" data-settings=\"{&quot;background_background&quot;:&quot;classic&quot;}\">\n\t\t\t\t\t<div class=\"e-con-inner\">\n\t\t<div class=\"elementor-element elementor-element-a834d82 e-con-full e-flex e-con e-child\" data-id=\"a834d82\" data-element_type=\"container\" data-settings=\"{&quot;background_background&quot;:&quot;classic&quot;}\">\n\t\t\t\t<\/div>\n\t\t<div class=\"elementor-element elementor-element-bd12f24 e-con-full e-flex e-con e-child\" data-id=\"bd12f24\" data-element_type=\"container\">\n\t\t<div class=\"elementor-element elementor-element-ad926d7 e-flex e-con-boxed e-con e-child\" data-id=\"ad926d7\" data-element_type=\"container\" data-settings=\"{&quot;background_background&quot;:&quot;classic&quot;}\">\n\t\t\t\t\t<div class=\"e-con-inner\">\n\t\t\t\t<div class=\"elementor-element elementor-element-62ac08e elementor-widget elementor-widget-heading\" data-id=\"62ac08e\" data-element_type=\"widget\" data-widget_type=\"heading.default\">\n\t\t\t\t<div class=\"elementor-widget-container\">\n\t\t\t\t\t<h1 class=\"elementor-heading-title elementor-size-default\">Martes 31 de diciembre<\/h1>\t\t\t\t<\/div>\n\t\t\t\t<\/div>\n\t\t\t\t<div class=\"elementor-element elementor-element-c1751cf elementor-widget elementor-widget-heading\" data-id=\"c1751cf\" data-element_type=\"widget\" data-widget_type=\"heading.default\">\n\t\t\t\t<div class=\"elementor-widget-container\">\n\t\t\t\t\t<h2 class=\"elementor-heading-title elementor-size-default\">20:00 - 01:00<\/h2>\t\t\t\t<\/div>\n\t\t\t\t<\/div>\n\t\t\t\t<div class=\"elementor-element elementor-element-1472d5b elementor-widget elementor-widget-text-editor\" data-id=\"1472d5b\" data-element_type=\"widget\" data-widget_type=\"text-editor.default\">\n\t\t\t\t<div class=\"elementor-widget-container\">\n\t\t\t\t\t\t\t\t\t<p>Viva una celebraci\u00f3n inolvidable de Nochevieja en la renombrada House of Son Amar, donde nuestra espectacular gala anual y cena show prometen una noche de disfrute sin igual.<\/p>\n<p>Del\u00e9itese con una actuaci\u00f3n fascinante que cautivar\u00e1 sus sentidos, saboree los exquisitos sabores de una deliciosa comida de tres platos preparada por nuestros chefs gourmet, y levante una copa del mejor cava para un brindis de medianoche para dar la bienvenida al nuevo a\u00f1o. Baile toda la noche al ritmo de nuestro talentoso DJ, y tenga la seguridad de que los m\u00e1s peque\u00f1os estar\u00e1n completamente entretenidos durante toda la velada con una variedad de actividades infantiles. <\/p>\n<p>Celebre esta ocasi\u00f3n especial con estilo y cree recuerdos que durar\u00e1n toda la vida con amigos y familiares.<\/p>\n\t\t\t\t\t\t\t\t<\/div>\n\t\t\t\t<\/div>\n\t\t\t\t<div class=\"elementor-element elementor-element-29653ab elementor-widget elementor-widget-button\" data-id=\"29653ab\" data-element_type=\"widget\" data-widget_type=\"button.default\">\n\t\t\t\t<div class=\"elementor-widget-container\">\n\t\t\t\t\t\t\t\t\t<div class=\"elementor-button-wrapper\">\n\t\t\t\t\t<a class=\"elementor-button elementor-button-link elementor-size-sm\" href=\"https:\/\/reserva.sonamar.com\/public\/#\/51718fa4-104b-4c43-b030-5f2aa8102535\/select-tickets\">\n\t\t\t\t\t\t<span class=\"elementor-button-content-wrapper\">\n\t\t\t\t\t\t\t\t\t<span class=\"elementor-button-text\">Entradas<\/span>\n\t\t\t\t\t<\/span>\n\t\t\t\t\t<\/a>\n\t\t\t\t<\/div>\n\t\t\t\t\t\t\t\t<\/div>\n\t\t\t\t<\/div>\n\t\t\t\t\t<\/div>\n\t\t\t\t<\/div>\n\t\t\t\t<\/div>\n\t\t\t\t\t<\/div>\n\t\t\t\t<\/div>\n\t\t<div class=\"elementor-element elementor-element-bcec74b e-flex e-con-boxed e-con e-parent\" data-id=\"bcec74b\" data-element_type=\"container\" data-settings=\"{&quot;background_background&quot;:&quot;classic&quot;}\">\n\t\t\t\t\t<div class=\"e-con-inner\">\n\t\t<div class=\"elementor-element elementor-element-509da49 e-con-full e-flex e-con e-child\" data-id=\"509da49\" data-element_type=\"container\">\n\t\t\t\t<div class=\"elementor-element elementor-element-fcf7860 elementor-widget elementor-widget-image\" data-id=\"fcf7860\" data-element_type=\"widget\" data-widget_type=\"image.default\">\n\t\t\t\t<div class=\"elementor-widget-container\">\n\t\t\t\t\t\t\t\t\t\t\t\t\t\t\t<img decoding=\"async\" width=\"842\" height=\"1191\" src=\"https:\/\/sonamar.com\/wp-content\/uploads\/2024\/10\/NewYear_Packages_2024_ENG.jpg\" class=\"attachment-full size-full wp-image-8397\" alt=\"\" srcset=\"https:\/\/sonamar.com\/wp-content\/uploads\/2024\/10\/NewYear_Packages_2024_ENG.jpg 842w, https:\/\/sonamar.com\/wp-content\/uploads\/2024\/10\/NewYear_Packages_2024_ENG-212x300.jpg 212w, https:\/\/sonamar.com\/wp-content\/uploads\/2024\/10\/NewYear_Packages_2024_ENG-724x1024.jpg 724w, https:\/\/sonamar.com\/wp-content\/uploads\/2024\/10\/NewYear_Packages_2024_ENG-768x1086.jpg 768w\" sizes=\"(max-width: 842px) 100vw, 842px\" \/>\t\t\t\t\t\t\t\t\t\t\t\t\t\t\t<\/div>\n\t\t\t\t<\/div>\n\t\t\t\t<\/div>\n\t\t<div class=\"elementor-element elementor-element-0a44b38 e-con-full e-flex e-con e-child\" data-id=\"0a44b38\" data-element_type=\"container\">\n\t\t\t\t<div class=\"elementor-element elementor-element-83a8d80 elementor-widget elementor-widget-image\" data-id=\"83a8d80\" data-element_type=\"widget\" data-widget_type=\"image.default\">\n\t\t\t\t<div class=\"elementor-widget-container\">\n\t\t\t\t\t\t\t\t\t\t\t\t\t\t\t<img decoding=\"async\" width=\"842\" height=\"1191\" src=\"https:\/\/sonamar.com\/wp-content\/uploads\/2024\/10\/NewYear_Packages_2024_VeganoENG.jpg\" class=\"attachment-full size-full wp-image-8407\" alt=\"\" srcset=\"https:\/\/sonamar.com\/wp-content\/uploads\/2024\/10\/NewYear_Packages_2024_VeganoENG.jpg 842w, https:\/\/sonamar.com\/wp-content\/uploads\/2024\/10\/NewYear_Packages_2024_VeganoENG-212x300.jpg 212w, https:\/\/sonamar.com\/wp-content\/uploads\/2024\/10\/NewYear_Packages_2024_VeganoENG-724x1024.jpg 724w, https:\/\/sonamar.com\/wp-content\/uploads\/2024\/10\/NewYear_Packages_2024_VeganoENG-768x1086.jpg 768w\" sizes=\"(max-width: 842px) 100vw, 842px\" \/>\t\t\t\t\t\t\t\t\t\t\t\t\t\t\t<\/div>\n\t\t\t\t<\/div>\n\t\t\t\t<\/div>\n\t\t\t\t\t<\/div>\n\t\t\t\t<\/div>\n\t\t<div class=\"elementor-element elementor-element-3e239ed e-flex e-con-boxed e-con e-parent\" data-id=\"3e239ed\" data-element_type=\"container\" data-settings=\"{&quot;background_background&quot;:&quot;classic&quot;}\">\n\t\t\t\t\t<div class=\"e-con-inner\">\n\t\t<div class=\"elementor-element elementor-element-e3d3ebb e-con-full e-flex e-con e-child\" data-id=\"e3d3ebb\" data-element_type=\"container\">\n\t\t<div class=\"elementor-element elementor-element-267603f e-flex e-con-boxed e-con e-child\" data-id=\"267603f\" data-element_type=\"container\" data-settings=\"{&quot;background_background&quot;:&quot;classic&quot;}\">\n\t\t\t\t\t<div class=\"e-con-inner\">\n\t\t\t\t<div class=\"elementor-element elementor-element-6d9a4f5 elementor-widget elementor-widget-heading\" data-id=\"6d9a4f5\" data-element_type=\"widget\" data-widget_type=\"heading.default\">\n\t\t\t\t<div class=\"elementor-widget-container\">\n\t\t\t\t\t<h2 class=\"elementor-heading-title elementor-size-default\">Precios de Nochevieja<\/h2>\t\t\t\t<\/div>\n\t\t\t\t<\/div>\n\t\t<div class=\"elementor-element elementor-element-403fd4e e-con-full e-flex e-con e-child\" data-id=\"403fd4e\" data-element_type=\"container\">\n\t\t\t\t<div class=\"elementor-element elementor-element-07dda1e elementor-widget elementor-widget-heading\" data-id=\"07dda1e\" data-element_type=\"widget\" data-widget_type=\"heading.default\">\n\t\t\t\t<div class=\"elementor-widget-container\">\n\t\t\t\t\t<h3 class=\"elementor-heading-title elementor-size-default\">Categor\u00eda 3<\/h3>\t\t\t\t<\/div>\n\t\t\t\t<\/div>\n\t\t\t\t<div class=\"elementor-element elementor-element-5c2dbfe elementor-widget elementor-widget-text-editor\" data-id=\"5c2dbfe\" data-element_type=\"widget\" data-widget_type=\"text-editor.default\">\n\t\t\t\t<div class=\"elementor-widget-container\">\n\t\t\t\t\t\t\t\t\t<p>Incluye espect\u00e1culo \u00fanico, cena de 3 platos, brindis a medianoche con una copa de cava, DJ y baile. Animaci\u00f3n infantil disponible durante toda la velada. <\/p>\n\t\t\t\t\t\t\t\t<\/div>\n\t\t\t\t<\/div>\n\t\t\t\t<div class=\"elementor-element elementor-element-f5530b0 elementor-widget elementor-widget-text-editor\" data-id=\"f5530b0\" data-element_type=\"widget\" data-widget_type=\"text-editor.default\">\n\t\t\t\t<div class=\"elementor-widget-container\">\n\t\t\t\t\t\t\t\t\t<p>Adultos \u20ac125.00<br \/>Ni\u00f1os \u20ac62.50<\/p>\n\t\t\t\t\t\t\t\t<\/div>\n\t\t\t\t<\/div>\n\t\t\t\t<div class=\"elementor-element elementor-element-86a81d3 elementor-widget elementor-widget-button\" data-id=\"86a81d3\" data-element_type=\"widget\" data-widget_type=\"button.default\">\n\t\t\t\t<div class=\"elementor-widget-container\">\n\t\t\t\t\t\t\t\t\t<div class=\"elementor-button-wrapper\">\n\t\t\t\t\t<a class=\"elementor-button elementor-button-link elementor-size-sm\" href=\"https:\/\/reserva.sonamar.com\/public\/#\/51718fa4-104b-4c43-b030-5f2aa8102535\/select-tickets\">\n\t\t\t\t\t\t<span class=\"elementor-button-content-wrapper\">\n\t\t\t\t\t\t\t\t\t<span class=\"elementor-button-text\">Entradas<\/span>\n\t\t\t\t\t<\/span>\n\t\t\t\t\t<\/a>\n\t\t\t\t<\/div>\n\t\t\t\t\t\t\t\t<\/div>\n\t\t\t\t<\/div>\n\t\t\t\t<\/div>\n\t\t<div class=\"elementor-element elementor-element-5fa8fea e-con-full e-flex e-con e-child\" data-id=\"5fa8fea\" data-element_type=\"container\">\n\t\t\t\t<div class=\"elementor-element elementor-element-a656c20 elementor-widget elementor-widget-heading\" data-id=\"a656c20\" data-element_type=\"widget\" data-widget_type=\"heading.default\">\n\t\t\t\t<div class=\"elementor-widget-container\">\n\t\t\t\t\t<h3 class=\"elementor-heading-title elementor-size-default\">Categor\u00eda 2<\/h3>\t\t\t\t<\/div>\n\t\t\t\t<\/div>\n\t\t\t\t<div class=\"elementor-element elementor-element-47b1a61 elementor-widget elementor-widget-text-editor\" data-id=\"47b1a61\" data-element_type=\"widget\" data-widget_type=\"text-editor.default\">\n\t\t\t\t<div class=\"elementor-widget-container\">\n\t\t\t\t\t\t\t\t\t<p>Incluye mesa con vistas centrales y espect\u00e1culo \u00fanico, cena de 3 platos, brindis a medianoche con una copa de cava, DJ y baile. Animaci\u00f3n infantil disponible durante toda la velada. <\/p>\n\t\t\t\t\t\t\t\t<\/div>\n\t\t\t\t<\/div>\n\t\t\t\t<div class=\"elementor-element elementor-element-aba5a49 elementor-widget elementor-widget-text-editor\" data-id=\"aba5a49\" data-element_type=\"widget\" data-widget_type=\"text-editor.default\">\n\t\t\t\t<div class=\"elementor-widget-container\">\n\t\t\t\t\t\t\t\t\t<p>Adultos \u20ac150.00<br \/>Ni\u00f1os \u20ac75.00<\/p>\n\t\t\t\t\t\t\t\t<\/div>\n\t\t\t\t<\/div>\n\t\t\t\t<div class=\"elementor-element elementor-element-11892bf elementor-widget elementor-widget-button\" data-id=\"11892bf\" data-element_type=\"widget\" data-widget_type=\"button.default\">\n\t\t\t\t<div class=\"elementor-widget-container\">\n\t\t\t\t\t\t\t\t\t<div class=\"elementor-button-wrapper\">\n\t\t\t\t\t<a class=\"elementor-button elementor-button-link elementor-size-sm\" href=\"https:\/\/reserva.sonamar.com\/public\/#\/51718fa4-104b-4c43-b030-5f2aa8102535\/select-tickets\">\n\t\t\t\t\t\t<span class=\"elementor-button-content-wrapper\">\n\t\t\t\t\t\t\t\t\t<span class=\"elementor-button-text\">Entradas<\/span>\n\t\t\t\t\t<\/span>\n\t\t\t\t\t<\/a>\n\t\t\t\t<\/div>\n\t\t\t\t\t\t\t\t<\/div>\n\t\t\t\t<\/div>\n\t\t\t\t<\/div>\n\t\t<div class=\"elementor-element elementor-element-1a5aa82 e-con-full e-flex e-con e-child\" data-id=\"1a5aa82\" data-element_type=\"container\">\n\t\t\t\t<div class=\"elementor-element elementor-element-03c11b7 elementor-widget elementor-widget-heading\" data-id=\"03c11b7\" data-element_type=\"widget\" data-widget_type=\"heading.default\">\n\t\t\t\t<div class=\"elementor-widget-container\">\n\t\t\t\t\t<h3 class=\"elementor-heading-title elementor-size-default\">VIP<\/h3>\t\t\t\t<\/div>\n\t\t\t\t<\/div>\n\t\t\t\t<div class=\"elementor-element elementor-element-bc14e14 elementor-widget elementor-widget-text-editor\" data-id=\"bc14e14\" data-element_type=\"widget\" data-widget_type=\"text-editor.default\">\n\t\t\t\t<div class=\"elementor-widget-container\">\n\t\t\t\t\t\t\t\t\t<p>Incluye los mejores asientos de la casa, un espect\u00e1culo \u00fanico, cena de 3 platos, media botella de champ\u00e1n Moet Chandon por pareja, DJ y baile. Animaci\u00f3n infantil disponible durante toda la noche. <\/p>\n\t\t\t\t\t\t\t\t<\/div>\n\t\t\t\t<\/div>\n\t\t\t\t<div class=\"elementor-element elementor-element-df877cc elementor-widget elementor-widget-text-editor\" data-id=\"df877cc\" data-element_type=\"widget\" data-widget_type=\"text-editor.default\">\n\t\t\t\t<div class=\"elementor-widget-container\">\n\t\t\t\t\t\t\t\t\t<p>Adultos \u20ac225.00<br \/>Ni\u00f1os \u20ac112.50<\/p>\n\t\t\t\t\t\t\t\t<\/div>\n\t\t\t\t<\/div>\n\t\t\t\t<div class=\"elementor-element elementor-element-d724996 elementor-widget elementor-widget-button\" data-id=\"d724996\" data-element_type=\"widget\" data-widget_type=\"button.default\">\n\t\t\t\t<div class=\"elementor-widget-container\">\n\t\t\t\t\t\t\t\t\t<div class=\"elementor-button-wrapper\">\n\t\t\t\t\t<a class=\"elementor-button elementor-button-link elementor-size-sm\" href=\"https:\/\/reserva.sonamar.com\/public\/#\/51718fa4-104b-4c43-b030-5f2aa8102535\/select-tickets\">\n\t\t\t\t\t\t<span class=\"elementor-button-content-wrapper\">\n\t\t\t\t\t\t\t\t\t<span class=\"elementor-button-text\">Entradas<\/span>\n\t\t\t\t\t<\/span>\n\t\t\t\t\t<\/a>\n\t\t\t\t<\/div>\n\t\t\t\t\t\t\t\t<\/div>\n\t\t\t\t<\/div>\n\t\t\t\t<\/div>\n\t\t\t\t\t<\/div>\n\t\t\t\t<\/div>\n\t\t\t\t<\/div>\n\t\t<div class=\"elementor-element elementor-element-282279a e-con-full e-flex e-con e-child\" data-id=\"282279a\" data-element_type=\"container\" data-settings=\"{&quot;background_background&quot;:&quot;classic&quot;}\">\n\t\t\t\t<\/div>\n\t\t\t\t\t<\/div>\n\t\t\t\t<\/div>\n\t\t\t\t<\/div>\n\t\t","protected":false},"excerpt":{"rendered":"<p>Martes 31 de diciembre 20:00 &#8211; 01:00 Viva una celebraci\u00f3n inolvidable de Nochevieja en la renombrada House of Son Amar, donde nuestra espectacular gala anual y cena show prometen una noche de disfrute sin igual. Del\u00e9itese con una actuaci\u00f3n fascinante que cautivar\u00e1 sus sentidos, saboree los exquisitos sabores de una deliciosa comida de tres platos [&hellip;]<\/p>\n","protected":false},"author":2,"featured_media":0,"parent":0,"menu_order":0,"comment_status":"closed","ping_status":"closed","template":"","meta":{"footnotes":""},"class_list":["post-7916","page","type-page","status-publish","hentry"],"blocksy_meta":[],"yoast_head":"<!-- This site is optimized with the Yoast SEO Premium plugin v21.9 (Yoast SEO v25.9) - https:\/\/yoast.com\/wordpress\/plugins\/seo\/ -->\n<title>Nochevieja | Son Amar Mallorca<\/title>\n<meta name=\"robots\" content=\"index, follow, max-snippet:-1, max-image-preview:large, max-video-preview:-1\" \/>\n<link rel=\"canonical\" href=\"https:\/\/sonamar.com\/es\/nochevieja\/\" \/>\n<meta property=\"og:locale\" content=\"es_ES\" \/>\n<meta property=\"og:type\" content=\"article\" \/>\n<meta property=\"og:title\" content=\"Nochevieja\" \/>\n<meta property=\"og:description\" content=\"Martes 31 de diciembre 20:00 &#8211; 01:00 Viva una celebraci\u00f3n inolvidable de Nochevieja en la renombrada House of Son Amar, donde nuestra espectacular gala anual y cena show prometen una noche de disfrute sin igual. Del\u00e9itese con una actuaci\u00f3n fascinante que cautivar\u00e1 sus sentidos, saboree los exquisitos sabores de una deliciosa comida de tres platos [&hellip;]\" \/>\n<meta property=\"og:url\" content=\"https:\/\/sonamar.com\/es\/nochevieja\/\" \/>\n<meta property=\"og:site_name\" content=\"Son Amar Mallorca\" \/>\n<meta property=\"article:publisher\" content=\"https:\/\/www.facebook.com\/SonAmarMallorca\" \/>\n<meta property=\"article:modified_time\" content=\"2024-11-28T09:38:15+00:00\" \/>\n<meta property=\"og:image\" content=\"https:\/\/sonamar.com\/wp-content\/uploads\/2022\/08\/118837122_3444479795633771_3305356779286475605_n.jpeg\" \/>\n\t<meta property=\"og:image:width\" content=\"802\" \/>\n\t<meta property=\"og:image:height\" content=\"802\" \/>\n\t<meta property=\"og:image:type\" content=\"image\/jpeg\" \/>\n<meta name=\"twitter:card\" content=\"summary_large_image\" \/>\n<meta name=\"twitter:label1\" content=\"Tiempo de lectura\" \/>\n\t<meta name=\"twitter:data1\" content=\"2 minutos\" \/>\n<script type=\"application\/ld+json\" class=\"yoast-schema-graph\">{\"@context\":\"https:\/\/schema.org\",\"@graph\":[{\"@type\":\"WebPage\",\"@id\":\"https:\/\/sonamar.com\/es\/nochevieja\/\",\"url\":\"https:\/\/sonamar.com\/es\/nochevieja\/\",\"name\":\"Nochevieja | Son Amar Mallorca\",\"isPartOf\":{\"@id\":\"https:\/\/sonamar.com\/es\/#website\"},\"primaryImageOfPage\":{\"@id\":\"https:\/\/sonamar.com\/es\/nochevieja\/#primaryimage\"},\"image\":{\"@id\":\"https:\/\/sonamar.com\/es\/nochevieja\/#primaryimage\"},\"thumbnailUrl\":\"https:\/\/sonamar.com\/wp-content\/uploads\/2024\/09\/gala-703x1024.jpg\",\"datePublished\":\"2024-09-03T11:34:19+00:00\",\"dateModified\":\"2024-11-28T09:38:15+00:00\",\"breadcrumb\":{\"@id\":\"https:\/\/sonamar.com\/es\/nochevieja\/#breadcrumb\"},\"inLanguage\":\"es\",\"potentialAction\":[{\"@type\":\"ReadAction\",\"target\":[\"https:\/\/sonamar.com\/es\/nochevieja\/\"]}]},{\"@type\":\"ImageObject\",\"inLanguage\":\"es\",\"@id\":\"https:\/\/sonamar.com\/es\/nochevieja\/#primaryimage\",\"url\":\"https:\/\/sonamar.com\/wp-content\/uploads\/2024\/09\/gala-703x1024.jpg\",\"contentUrl\":\"https:\/\/sonamar.com\/wp-content\/uploads\/2024\/09\/gala-703x1024.jpg\"},{\"@type\":\"BreadcrumbList\",\"@id\":\"https:\/\/sonamar.com\/es\/nochevieja\/#breadcrumb\",\"itemListElement\":[{\"@type\":\"ListItem\",\"position\":1,\"name\":\"Home\",\"item\":\"https:\/\/sonamar.com\/es\/\"},{\"@type\":\"ListItem\",\"position\":2,\"name\":\"Nochevieja\"}]},{\"@type\":\"WebSite\",\"@id\":\"https:\/\/sonamar.com\/es\/#website\",\"url\":\"https:\/\/sonamar.com\/es\/\",\"name\":\"Son Amar Mallorca\",\"description\":\"Mallorca&#039;s premier theatre, dining and events venue.\",\"publisher\":{\"@id\":\"https:\/\/sonamar.com\/es\/#organization\"},\"potentialAction\":[{\"@type\":\"SearchAction\",\"target\":{\"@type\":\"EntryPoint\",\"urlTemplate\":\"https:\/\/sonamar.com\/es\/?s={search_term_string}\"},\"query-input\":{\"@type\":\"PropertyValueSpecification\",\"valueRequired\":true,\"valueName\":\"search_term_string\"}}],\"inLanguage\":\"es\"},{\"@type\":[\"Organization\",\"Place\"],\"@id\":\"https:\/\/sonamar.com\/es\/#organization\",\"name\":\"House of Son Amar Mallorca\",\"url\":\"https:\/\/sonamar.com\/es\/\",\"logo\":{\"@id\":\"https:\/\/sonamar.com\/es\/nochevieja\/#local-main-organization-logo\"},\"image\":{\"@id\":\"https:\/\/sonamar.com\/es\/nochevieja\/#local-main-organization-logo\"},\"sameAs\":[\"https:\/\/www.facebook.com\/SonAmarMallorca\"],\"address\":{\"@id\":\"https:\/\/sonamar.com\/es\/nochevieja\/#local-main-place-address\"},\"geo\":{\"@type\":\"GeoCoordinates\",\"latitude\":\"39.609680\",\"longitude\":\"2.654440\"},\"telephone\":[\"971 61 75 33\"],\"openingHoursSpecification\":[{\"@type\":\"OpeningHoursSpecification\",\"dayOfWeek\":[\"Monday\",\"Tuesday\",\"Wednesday\",\"Thursday\",\"Friday\",\"Saturday\",\"Sunday\"],\"opens\":\"09:00\",\"closes\":\"17:00\"}],\"email\":\"reservas@sonamar.com\"},{\"@type\":\"PostalAddress\",\"@id\":\"https:\/\/sonamar.com\/es\/nochevieja\/#local-main-place-address\",\"streetAddress\":\"Carretera de Palma-Soller KM 10,8\",\"addressLocality\":\"Palmanyola\",\"postalCode\":\"07193\",\"addressRegion\":\"Balearic Islands\",\"addressCountry\":\"ES\"},{\"@type\":\"ImageObject\",\"inLanguage\":\"es\",\"@id\":\"https:\/\/sonamar.com\/es\/nochevieja\/#local-main-organization-logo\",\"url\":\"https:\/\/sonamar.com\/wp-content\/uploads\/2022\/08\/118837122_3444479795633771_3305356779286475605_n.jpeg\",\"contentUrl\":\"https:\/\/sonamar.com\/wp-content\/uploads\/2022\/08\/118837122_3444479795633771_3305356779286475605_n.jpeg\",\"width\":802,\"height\":802,\"caption\":\"House of Son Amar Mallorca\"}]}<\/script>\n<meta name=\"geo.placename\" content=\"Palmanyola\" \/>\n<meta name=\"geo.position\" content=\"39.609680;2.654440\" \/>\n<meta name=\"geo.region\" content=\"Espa\u00f1a\" \/>\n<!-- \/ Yoast SEO Premium plugin. -->","yoast_head_json":{"title":"Nochevieja | Son Amar Mallorca","robots":{"index":"index","follow":"follow","max-snippet":"max-snippet:-1","max-image-preview":"max-image-preview:large","max-video-preview":"max-video-preview:-1"},"canonical":"https:\/\/sonamar.com\/es\/nochevieja\/","og_locale":"es_ES","og_type":"article","og_title":"Nochevieja","og_description":"Martes 31 de diciembre 20:00 &#8211; 01:00 Viva una celebraci\u00f3n inolvidable de Nochevieja en la renombrada House of Son Amar, donde nuestra espectacular gala anual y cena show prometen una noche de disfrute sin igual. Del\u00e9itese con una actuaci\u00f3n fascinante que cautivar\u00e1 sus sentidos, saboree los exquisitos sabores de una deliciosa comida de tres platos [&hellip;]","og_url":"https:\/\/sonamar.com\/es\/nochevieja\/","og_site_name":"Son Amar Mallorca","article_publisher":"https:\/\/www.facebook.com\/SonAmarMallorca","article_modified_time":"2024-11-28T09:38:15+00:00","og_image":[{"width":802,"height":802,"url":"https:\/\/sonamar.com\/wp-content\/uploads\/2022\/08\/118837122_3444479795633771_3305356779286475605_n.jpeg","type":"image\/jpeg"}],"twitter_card":"summary_large_image","twitter_misc":{"Tiempo de lectura":"2 minutos"},"schema":{"@context":"https:\/\/schema.org","@graph":[{"@type":"WebPage","@id":"https:\/\/sonamar.com\/es\/nochevieja\/","url":"https:\/\/sonamar.com\/es\/nochevieja\/","name":"Nochevieja | Son Amar Mallorca","isPartOf":{"@id":"https:\/\/sonamar.com\/es\/#website"},"primaryImageOfPage":{"@id":"https:\/\/sonamar.com\/es\/nochevieja\/#primaryimage"},"image":{"@id":"https:\/\/sonamar.com\/es\/nochevieja\/#primaryimage"},"thumbnailUrl":"https:\/\/sonamar.com\/wp-content\/uploads\/2024\/09\/gala-703x1024.jpg","datePublished":"2024-09-03T11:34:19+00:00","dateModified":"2024-11-28T09:38:15+00:00","breadcrumb":{"@id":"https:\/\/sonamar.com\/es\/nochevieja\/#breadcrumb"},"inLanguage":"es","potentialAction":[{"@type":"ReadAction","target":["https:\/\/sonamar.com\/es\/nochevieja\/"]}]},{"@type":"ImageObject","inLanguage":"es","@id":"https:\/\/sonamar.com\/es\/nochevieja\/#primaryimage","url":"https:\/\/sonamar.com\/wp-content\/uploads\/2024\/09\/gala-703x1024.jpg","contentUrl":"https:\/\/sonamar.com\/wp-content\/uploads\/2024\/09\/gala-703x1024.jpg"},{"@type":"BreadcrumbList","@id":"https:\/\/sonamar.com\/es\/nochevieja\/#breadcrumb","itemListElement":[{"@type":"ListItem","position":1,"name":"Home","item":"https:\/\/sonamar.com\/es\/"},{"@type":"ListItem","position":2,"name":"Nochevieja"}]},{"@type":"WebSite","@id":"https:\/\/sonamar.com\/es\/#website","url":"https:\/\/sonamar.com\/es\/","name":"Son Amar Mallorca","description":"Mallorca&#039;s premier theatre, dining and events venue.","publisher":{"@id":"https:\/\/sonamar.com\/es\/#organization"},"potentialAction":[{"@type":"SearchAction","target":{"@type":"EntryPoint","urlTemplate":"https:\/\/sonamar.com\/es\/?s={search_term_string}"},"query-input":{"@type":"PropertyValueSpecification","valueRequired":true,"valueName":"search_term_string"}}],"inLanguage":"es"},{"@type":["Organization","Place"],"@id":"https:\/\/sonamar.com\/es\/#organization","name":"House of Son Amar Mallorca","url":"https:\/\/sonamar.com\/es\/","logo":{"@id":"https:\/\/sonamar.com\/es\/nochevieja\/#local-main-organization-logo"},"image":{"@id":"https:\/\/sonamar.com\/es\/nochevieja\/#local-main-organization-logo"},"sameAs":["https:\/\/www.facebook.com\/SonAmarMallorca"],"address":{"@id":"https:\/\/sonamar.com\/es\/nochevieja\/#local-main-place-address"},"geo":{"@type":"GeoCoordinates","latitude":"39.609680","longitude":"2.654440"},"telephone":["971 61 75 33","971 61 75 33"],"openingHoursSpecification":[{"@type":"OpeningHoursSpecification","dayOfWeek":["Monday","Tuesday","Wednesday","Thursday","Friday","Saturday","Sunday"],"opens":"09:00","closes":"17:00"}],"email":"reservas@sonamar.com"},{"@type":"PostalAddress","@id":"https:\/\/sonamar.com\/es\/nochevieja\/#local-main-place-address","streetAddress":"Carretera de Palma-Soller KM 10,8","addressLocality":"Palmanyola","postalCode":"07193","addressRegion":"Balearic Islands","addressCountry":"ES"},{"@type":"ImageObject","inLanguage":"es","@id":"https:\/\/sonamar.com\/es\/nochevieja\/#local-main-organization-logo","url":"https:\/\/sonamar.com\/wp-content\/uploads\/2022\/08\/118837122_3444479795633771_3305356779286475605_n.jpeg","contentUrl":"https:\/\/sonamar.com\/wp-content\/uploads\/2022\/08\/118837122_3444479795633771_3305356779286475605_n.jpeg","width":802,"height":802,"caption":"House of Son Amar Mallorca"}]},"geo.placename":"Palmanyola","geo.position":{"lat":"39.609680","long":"2.654440"},"geo.region":"Espa\u00f1a"},"_links":{"self":[{"href":"https:\/\/sonamar.com\/es\/wp-json\/wp\/v2\/pages\/7916","targetHints":{"allow":["GET"]}}],"collection":[{"href":"https:\/\/sonamar.com\/es\/wp-json\/wp\/v2\/pages"}],"about":[{"href":"https:\/\/sonamar.com\/es\/wp-json\/wp\/v2\/types\/page"}],"author":[{"embeddable":true,"href":"https:\/\/sonamar.com\/es\/wp-json\/wp\/v2\/users\/2"}],"replies":[{"embeddable":true,"href":"https:\/\/sonamar.com\/es\/wp-json\/wp\/v2\/comments?post=7916"}],"version-history":[{"count":12,"href":"https:\/\/sonamar.com\/es\/wp-json\/wp\/v2\/pages\/7916\/revisions"}],"predecessor-version":[{"id":8599,"href":"https:\/\/sonamar.com\/es\/wp-json\/wp\/v2\/pages\/7916\/revisions\/8599"}],"wp:attachment":[{"href":"https:\/\/sonamar.com\/es\/wp-json\/wp\/v2\/media?parent=7916"}],"curies":[{"name":"wp","href":"https:\/\/api.w.org\/{rel}","templated":true}]}}