{"id":6771,"date":"2024-02-15T13:37:10","date_gmt":"2024-02-15T12:37:10","guid":{"rendered":"https:\/\/sonamar.com\/house-of-son-amar-2\/"},"modified":"2026-02-03T10:48:36","modified_gmt":"2026-02-03T09:48:36","slug":"house-of-son-amar-2","status":"publish","type":"page","link":"https:\/\/sonamar.com\/es\/","title":{"rendered":"House of Son Amar"},"content":{"rendered":"\t\t<div data-elementor-type=\"wp-page\" data-elementor-id=\"6771\" class=\"elementor elementor-6771 elementor-6649\" data-elementor-post-type=\"page\">\n\t\t\t\t<div class=\"elementor-element elementor-element-ef455e5 e-flex e-con-boxed e-con e-parent\" data-id=\"ef455e5\" data-element_type=\"container\" data-settings=\"{&quot;background_background&quot;:&quot;video&quot;,&quot;background_video_link&quot;:&quot;https:\\\/\\\/youtu.be\\\/0mRwYe8ElJo&quot;,&quot;background_play_on_mobile&quot;:&quot;yes&quot;}\">\n\t\t\t\t\t<div class=\"e-con-inner\">\n\t\t<div class=\"elementor-background-video-container\" aria-hidden=\"true\">\n\t\t\t\t\t\t\t<div class=\"elementor-background-video-embed\"><\/div>\n\t\t\t\t\t\t<\/div><div class=\"elementor-element elementor-element-742897a e-con-full e-flex e-con e-child\" data-id=\"742897a\" data-element_type=\"container\">\n\t\t\t\t<div class=\"elementor-element elementor-element-d7359d5 elementor-align-center elementor-widget elementor-widget-button\" data-id=\"d7359d5\" data-element_type=\"widget\" data-widget_type=\"button.default\">\n\t\t\t\t<div class=\"elementor-widget-container\">\n\t\t\t\t\t\t\t\t\t<div class=\"elementor-button-wrapper\">\n\t\t\t\t\t<a class=\"elementor-button elementor-button-link elementor-size-sm elementor-animation-grow\" href=\"https:\/\/sonamar.com\/es\/contacte-con\/\">\n\t\t\t\t\t\t<span class=\"elementor-button-content-wrapper\">\n\t\t\t\t\t\t\t\t\t<span class=\"elementor-button-text\">reserva aqu\u00ed<\/span>\n\t\t\t\t\t<\/span>\n\t\t\t\t\t<\/a>\n\t\t\t\t<\/div>\n\t\t\t\t\t\t\t\t<\/div>\n\t\t\t\t<\/div>\n\t\t\t\t<div class=\"elementor-element elementor-element-9fffc46 elementor-widget elementor-widget-heading\" data-id=\"9fffc46\" data-element_type=\"widget\" data-widget_type=\"heading.default\">\n\t\t\t\t<div class=\"elementor-widget-container\">\n\t\t\t\t\t<h2 class=\"elementor-heading-title elementor-size-default\">m\u00e1s que un espacio, un destino para eventos extraordinarios<\/h2>\t\t\t\t<\/div>\n\t\t\t\t<\/div>\n\t\t\t\t<\/div>\n\t\t\t\t\t<\/div>\n\t\t\t\t<\/div>\n\t\t<div class=\"elementor-element elementor-element-460d9cfa e-flex e-con-boxed e-con e-parent\" data-id=\"460d9cfa\" data-element_type=\"container\">\n\t\t\t\t\t<div class=\"e-con-inner\">\n\t\t<div class=\"elementor-element elementor-element-6071b3ec e-con-full e-flex e-con e-child\" data-id=\"6071b3ec\" data-element_type=\"container\" data-settings=\"{&quot;background_background&quot;:&quot;classic&quot;}\">\n\t\t\t\t<\/div>\n\t\t<div class=\"elementor-element elementor-element-1587a51f e-con-full e-flex e-con e-child\" data-id=\"1587a51f\" data-element_type=\"container\">\n\t\t<div class=\"elementor-element elementor-element-5b8a51f6 e-con-full e-flex e-con e-child\" data-id=\"5b8a51f6\" data-element_type=\"container\" data-settings=\"{&quot;background_background&quot;:&quot;classic&quot;}\">\n\t\t\t\t<div class=\"elementor-element elementor-element-3c65c2bb elementor-widget elementor-widget-heading\" data-id=\"3c65c2bb\" data-element_type=\"widget\" data-widget_type=\"heading.default\">\n\t\t\t\t<div class=\"elementor-widget-container\">\n\t\t\t\t\t<h1 class=\"elementor-heading-title elementor-size-default\"><a href=\"https:\/\/sonamar.com\/es\/empresa\/espacios-para-reuniones\/\">Son Amar Mallorca<\/a><\/h1>\t\t\t\t<\/div>\n\t\t\t\t<\/div>\n\t\t\t\t<div class=\"elementor-element elementor-element-f454498 elementor-widget elementor-widget-text-editor\" data-id=\"f454498\" data-element_type=\"widget\" data-widget_type=\"text-editor.default\">\n\t\t\t\t<div class=\"elementor-widget-container\">\n\t\t\t\t\t\t\t\t\t<p style=\"text-align: left;\">Ubicada a los pies de la <b>Serra de Tramuntana<\/b>, <b>Son Amar<\/b> es una finca mallorquina del siglo XVI reconvertida en un <b>venue de gran formato<\/b>, dise\u00f1ada para acoger <b>eventos corporativos, convenciones, lanzamientos de marca y producciones empresariales de alto nivel<\/b>.<\/p><p style=\"text-align: left;\">Con una localizaci\u00f3n estrat\u00e9gica \u2014a solo <b>10 minutos de Palma<\/b> y <b>15 minutos de Calvi\u00e0<\/b>\u2014, Son Amar ofrece <b>amplitud, accesibilidad y capacidad operativa<\/b>, en un entorno singular que combina historia y funcionalidad.<\/p><div style=\"text-align: left;\">El recinto cuenta con <b>grandes espacios<\/b>, tanto interiores como exteriores, preparados para adaptarse a m\u00faltiples formatos,\u00a0<span style=\"font-variant-ligatures: inherit; font-variant-caps: inherit;\">desde reuniones ejecutivas y conferencias hasta eventos corporativos de gran escala. Sus <\/span><b style=\"font-variant-ligatures: inherit; font-variant-caps: inherit;\">dimensiones excepcionales<\/b><span style=\"font-variant-ligatures: inherit; font-variant-caps: inherit;\"> permiten una gesti\u00f3n fluida de asistentes, producci\u00f3n t\u00e9cnica y log\u00edstica, incluso en eventos complejos o de alta exigencia.<\/span><\/div><div style=\"text-align: left;\">\u00a0<\/div><div style=\"text-align: left;\">Cada evento en Son Amar se concibe desde una perspectiva <b>t\u00e9cnica, estrat\u00e9gica y operativa<\/b>, ofreciendo a empresas, agencias y organizadores un espacio fiable, vers\u00e1til y preparado para responder a cualquier reto corporativo.<\/div><div style=\"text-align: left;\">\u00a0<\/div><div style=\"text-align: left;\"><b>Son Amar es un venue pensado para empresas que necesitan espacio, estructura y control t\u00e9cnico, sin renunciar a un entorno \u00fanico en Mallorca.<\/b><\/div>\t\t\t\t\t\t\t\t<\/div>\n\t\t\t\t<\/div>\n\t\t\t\t<div class=\"elementor-element elementor-element-2181443 elementor-widget elementor-widget-spacer\" data-id=\"2181443\" data-element_type=\"widget\" data-widget_type=\"spacer.default\">\n\t\t\t\t<div class=\"elementor-widget-container\">\n\t\t\t\t\t\t\t<div class=\"elementor-spacer\">\n\t\t\t<div class=\"elementor-spacer-inner\"><\/div>\n\t\t<\/div>\n\t\t\t\t\t\t<\/div>\n\t\t\t\t<\/div>\n\t\t\t\t<div class=\"elementor-element elementor-element-1bebd94 elementor-widget elementor-widget-heading\" data-id=\"1bebd94\" data-element_type=\"widget\" data-widget_type=\"heading.default\">\n\t\t\t\t<div class=\"elementor-widget-container\">\n\t\t\t\t\t<h4 class=\"elementor-heading-title elementor-size-default\"><a href=\"https:\/\/sonamar.com\/es\/empresa\/espacios-para-reuniones\/\">&gt;&gt;&gt;   visite nuestros espacios aqu\u00ed<\/a><\/h4>\t\t\t\t<\/div>\n\t\t\t\t<\/div>\n\t\t\t\t<\/div>\n\t\t\t\t<\/div>\n\t\t\t\t\t<\/div>\n\t\t\t\t<\/div>\n\t\t\t\t<\/div>\n\t\t","protected":false},"excerpt":{"rendered":"<p>reserva aqu\u00ed m\u00e1s que un espacio, un destino para eventos extraordinarios Son Amar Mallorca Ubicada a los pies de la Serra de Tramuntana, Son Amar es una finca mallorquina del siglo XVI reconvertida en un venue de gran formato, dise\u00f1ada para acoger eventos corporativos, convenciones, lanzamientos de marca y producciones empresariales de alto nivel. Con [&hellip;]<\/p>\n","protected":false},"author":2,"featured_media":3591,"parent":0,"menu_order":0,"comment_status":"closed","ping_status":"closed","template":"","meta":{"footnotes":""},"class_list":["post-6771","page","type-page","status-publish","has-post-thumbnail","hentry"],"blocksy_meta":[],"yoast_head":"<!-- This site is optimized with the Yoast SEO Premium plugin v21.9 (Yoast SEO v25.9) - https:\/\/yoast.com\/wordpress\/plugins\/seo\/ -->\n<title>House of Son Amar | Mallorca | Espa\u00f1a<\/title>\n<meta name=\"description\" content=\"El lugar m\u00e1s prestigioso de Mallorca, hogar de espect\u00e1culos famosos como Exhibit y Ohal\u00e1, junto con eventos \u00fanicos y actuaciones en vivo.\" \/>\n<meta name=\"robots\" content=\"index, follow, max-snippet:-1, max-image-preview:large, max-video-preview:-1\" \/>\n<link rel=\"canonical\" href=\"https:\/\/sonamar.com\/es\/\" \/>\n<meta property=\"og:locale\" content=\"es_ES\" \/>\n<meta property=\"og:type\" content=\"article\" \/>\n<meta property=\"og:title\" content=\"House of Son Amar | Mallorca | Espa\u00f1a\" \/>\n<meta property=\"og:description\" content=\"El lugar m\u00e1s prestigioso de Mallorca, hogar de espect\u00e1culos famosos como Exhibit y Ohal\u00e1, junto con eventos \u00fanicos y actuaciones en vivo.\" \/>\n<meta property=\"og:url\" content=\"https:\/\/sonamar.com\/es\/\" \/>\n<meta property=\"og:site_name\" content=\"Son Amar Mallorca\" \/>\n<meta property=\"article:publisher\" content=\"https:\/\/www.facebook.com\/SonAmarMallorca\" \/>\n<meta property=\"article:modified_time\" content=\"2026-02-03T09:48:36+00:00\" \/>\n<meta property=\"og:image\" content=\"https:\/\/sonamar.com\/wp-content\/uploads\/2023\/03\/courtyard.jpg\" \/>\n\t<meta property=\"og:image:width\" content=\"1072\" \/>\n\t<meta property=\"og:image:height\" content=\"1276\" \/>\n\t<meta property=\"og:image:type\" content=\"image\/jpeg\" \/>\n<meta name=\"twitter:card\" content=\"summary_large_image\" \/>\n<meta name=\"twitter:title\" content=\"House of Son Amar\" \/>\n<meta name=\"twitter:label1\" content=\"Tiempo de lectura\" \/>\n\t<meta name=\"twitter:data1\" content=\"1 minuto\" \/>\n<script type=\"application\/ld+json\" class=\"yoast-schema-graph\">{\"@context\":\"https:\/\/schema.org\",\"@graph\":[{\"@type\":\"WebPage\",\"@id\":\"https:\/\/sonamar.com\/es\/\",\"url\":\"https:\/\/sonamar.com\/es\/\",\"name\":\"House of Son Amar | Mallorca | Espa\u00f1a\",\"isPartOf\":{\"@id\":\"https:\/\/sonamar.com\/es\/#website\"},\"primaryImageOfPage\":{\"@id\":\"https:\/\/sonamar.com\/es\/#primaryimage\"},\"image\":{\"@id\":\"https:\/\/sonamar.com\/es\/#primaryimage\"},\"thumbnailUrl\":\"https:\/\/sonamar.com\/wp-content\/uploads\/2023\/03\/courtyard.jpg\",\"datePublished\":\"2024-02-15T12:37:10+00:00\",\"dateModified\":\"2026-02-03T09:48:36+00:00\",\"description\":\"El lugar m\u00e1s prestigioso de Mallorca, hogar de espect\u00e1culos famosos como Exhibit y Ohal\u00e1, junto con eventos \u00fanicos y actuaciones en vivo.\",\"breadcrumb\":{\"@id\":\"https:\/\/sonamar.com\/es\/#breadcrumb\"},\"inLanguage\":\"es\",\"potentialAction\":[{\"@type\":\"ReadAction\",\"target\":[\"https:\/\/sonamar.com\/es\/\"]}]},{\"@type\":\"ImageObject\",\"inLanguage\":\"es\",\"@id\":\"https:\/\/sonamar.com\/es\/#primaryimage\",\"url\":\"https:\/\/sonamar.com\/wp-content\/uploads\/2023\/03\/courtyard.jpg\",\"contentUrl\":\"https:\/\/sonamar.com\/wp-content\/uploads\/2023\/03\/courtyard.jpg\",\"width\":1072,\"height\":1276,\"caption\":\"House of son Amar courtyard\"},{\"@type\":\"BreadcrumbList\",\"@id\":\"https:\/\/sonamar.com\/es\/#breadcrumb\",\"itemListElement\":[{\"@type\":\"ListItem\",\"position\":1,\"name\":\"Home\",\"item\":\"https:\/\/sonamar.com\/es\/\"},{\"@type\":\"ListItem\",\"position\":2,\"name\":\"House of Son Amar\"}]},{\"@type\":\"WebSite\",\"@id\":\"https:\/\/sonamar.com\/es\/#website\",\"url\":\"https:\/\/sonamar.com\/es\/\",\"name\":\"Son Amar Mallorca\",\"description\":\"Mallorca&#039;s premier theatre, dining and events venue.\",\"publisher\":{\"@id\":\"https:\/\/sonamar.com\/es\/#organization\"},\"potentialAction\":[{\"@type\":\"SearchAction\",\"target\":{\"@type\":\"EntryPoint\",\"urlTemplate\":\"https:\/\/sonamar.com\/es\/?s={search_term_string}\"},\"query-input\":{\"@type\":\"PropertyValueSpecification\",\"valueRequired\":true,\"valueName\":\"search_term_string\"}}],\"inLanguage\":\"es\"},{\"@type\":[\"Organization\",\"Place\"],\"@id\":\"https:\/\/sonamar.com\/es\/#organization\",\"name\":\"House of Son Amar Mallorca\",\"url\":\"https:\/\/sonamar.com\/es\/\",\"logo\":{\"@id\":\"https:\/\/sonamar.com\/es\/#local-main-organization-logo\"},\"image\":{\"@id\":\"https:\/\/sonamar.com\/es\/#local-main-organization-logo\"},\"sameAs\":[\"https:\/\/www.facebook.com\/SonAmarMallorca\"],\"address\":{\"@id\":\"https:\/\/sonamar.com\/es\/#local-main-place-address\"},\"geo\":{\"@type\":\"GeoCoordinates\",\"latitude\":\"39.609680\",\"longitude\":\"2.654440\"},\"telephone\":[\"971 61 75 33\"],\"openingHoursSpecification\":[{\"@type\":\"OpeningHoursSpecification\",\"dayOfWeek\":[\"Monday\",\"Tuesday\",\"Wednesday\",\"Thursday\",\"Friday\",\"Saturday\",\"Sunday\"],\"opens\":\"09:00\",\"closes\":\"17:00\"}],\"email\":\"reservas@sonamar.com\"},{\"@type\":\"PostalAddress\",\"@id\":\"https:\/\/sonamar.com\/es\/#local-main-place-address\",\"streetAddress\":\"Carretera de Palma-Soller KM 10,8\",\"addressLocality\":\"Palmanyola\",\"postalCode\":\"07193\",\"addressRegion\":\"Balearic Islands\",\"addressCountry\":\"ES\"},{\"@type\":\"ImageObject\",\"inLanguage\":\"es\",\"@id\":\"https:\/\/sonamar.com\/es\/#local-main-organization-logo\",\"url\":\"https:\/\/sonamar.com\/wp-content\/uploads\/2022\/08\/118837122_3444479795633771_3305356779286475605_n.jpeg\",\"contentUrl\":\"https:\/\/sonamar.com\/wp-content\/uploads\/2022\/08\/118837122_3444479795633771_3305356779286475605_n.jpeg\",\"width\":802,\"height\":802,\"caption\":\"House of Son Amar Mallorca\"}]}<\/script>\n<meta name=\"geo.placename\" content=\"Palmanyola\" \/>\n<meta name=\"geo.position\" content=\"39.609680;2.654440\" \/>\n<meta name=\"geo.region\" content=\"Espa\u00f1a\" \/>\n<!-- \/ Yoast SEO Premium plugin. -->","yoast_head_json":{"title":"House of Son Amar | Mallorca | Espa\u00f1a","description":"El lugar m\u00e1s prestigioso de Mallorca, hogar de espect\u00e1culos famosos como Exhibit y Ohal\u00e1, junto con eventos \u00fanicos y actuaciones en vivo.","robots":{"index":"index","follow":"follow","max-snippet":"max-snippet:-1","max-image-preview":"max-image-preview:large","max-video-preview":"max-video-preview:-1"},"canonical":"https:\/\/sonamar.com\/es\/","og_locale":"es_ES","og_type":"article","og_title":"House of Son Amar | Mallorca | Espa\u00f1a","og_description":"El lugar m\u00e1s prestigioso de Mallorca, hogar de espect\u00e1culos famosos como Exhibit y Ohal\u00e1, junto con eventos \u00fanicos y actuaciones en vivo.","og_url":"https:\/\/sonamar.com\/es\/","og_site_name":"Son Amar Mallorca","article_publisher":"https:\/\/www.facebook.com\/SonAmarMallorca","article_modified_time":"2026-02-03T09:48:36+00:00","og_image":[{"width":1072,"height":1276,"url":"https:\/\/sonamar.com\/wp-content\/uploads\/2023\/03\/courtyard.jpg","type":"image\/jpeg"}],"twitter_card":"summary_large_image","twitter_title":"House of Son Amar","twitter_misc":{"Tiempo de lectura":"1 minuto"},"schema":{"@context":"https:\/\/schema.org","@graph":[{"@type":"WebPage","@id":"https:\/\/sonamar.com\/es\/","url":"https:\/\/sonamar.com\/es\/","name":"House of Son Amar | Mallorca | Espa\u00f1a","isPartOf":{"@id":"https:\/\/sonamar.com\/es\/#website"},"primaryImageOfPage":{"@id":"https:\/\/sonamar.com\/es\/#primaryimage"},"image":{"@id":"https:\/\/sonamar.com\/es\/#primaryimage"},"thumbnailUrl":"https:\/\/sonamar.com\/wp-content\/uploads\/2023\/03\/courtyard.jpg","datePublished":"2024-02-15T12:37:10+00:00","dateModified":"2026-02-03T09:48:36+00:00","description":"El lugar m\u00e1s prestigioso de Mallorca, hogar de espect\u00e1culos famosos como Exhibit y Ohal\u00e1, junto con eventos \u00fanicos y actuaciones en vivo.","breadcrumb":{"@id":"https:\/\/sonamar.com\/es\/#breadcrumb"},"inLanguage":"es","potentialAction":[{"@type":"ReadAction","target":["https:\/\/sonamar.com\/es\/"]}]},{"@type":"ImageObject","inLanguage":"es","@id":"https:\/\/sonamar.com\/es\/#primaryimage","url":"https:\/\/sonamar.com\/wp-content\/uploads\/2023\/03\/courtyard.jpg","contentUrl":"https:\/\/sonamar.com\/wp-content\/uploads\/2023\/03\/courtyard.jpg","width":1072,"height":1276,"caption":"House of son Amar courtyard"},{"@type":"BreadcrumbList","@id":"https:\/\/sonamar.com\/es\/#breadcrumb","itemListElement":[{"@type":"ListItem","position":1,"name":"Home","item":"https:\/\/sonamar.com\/es\/"},{"@type":"ListItem","position":2,"name":"House of Son Amar"}]},{"@type":"WebSite","@id":"https:\/\/sonamar.com\/es\/#website","url":"https:\/\/sonamar.com\/es\/","name":"Son Amar Mallorca","description":"Mallorca&#039;s premier theatre, dining and events venue.","publisher":{"@id":"https:\/\/sonamar.com\/es\/#organization"},"potentialAction":[{"@type":"SearchAction","target":{"@type":"EntryPoint","urlTemplate":"https:\/\/sonamar.com\/es\/?s={search_term_string}"},"query-input":{"@type":"PropertyValueSpecification","valueRequired":true,"valueName":"search_term_string"}}],"inLanguage":"es"},{"@type":["Organization","Place"],"@id":"https:\/\/sonamar.com\/es\/#organization","name":"House of Son Amar Mallorca","url":"https:\/\/sonamar.com\/es\/","logo":{"@id":"https:\/\/sonamar.com\/es\/#local-main-organization-logo"},"image":{"@id":"https:\/\/sonamar.com\/es\/#local-main-organization-logo"},"sameAs":["https:\/\/www.facebook.com\/SonAmarMallorca"],"address":{"@id":"https:\/\/sonamar.com\/es\/#local-main-place-address"},"geo":{"@type":"GeoCoordinates","latitude":"39.609680","longitude":"2.654440"},"telephone":["971 61 75 33","971 61 75 33"],"openingHoursSpecification":[{"@type":"OpeningHoursSpecification","dayOfWeek":["Monday","Tuesday","Wednesday","Thursday","Friday","Saturday","Sunday"],"opens":"09:00","closes":"17:00"}],"email":"reservas@sonamar.com"},{"@type":"PostalAddress","@id":"https:\/\/sonamar.com\/es\/#local-main-place-address","streetAddress":"Carretera de Palma-Soller KM 10,8","addressLocality":"Palmanyola","postalCode":"07193","addressRegion":"Balearic Islands","addressCountry":"ES"},{"@type":"ImageObject","inLanguage":"es","@id":"https:\/\/sonamar.com\/es\/#local-main-organization-logo","url":"https:\/\/sonamar.com\/wp-content\/uploads\/2022\/08\/118837122_3444479795633771_3305356779286475605_n.jpeg","contentUrl":"https:\/\/sonamar.com\/wp-content\/uploads\/2022\/08\/118837122_3444479795633771_3305356779286475605_n.jpeg","width":802,"height":802,"caption":"House of Son Amar Mallorca"}]},"geo.placename":"Palmanyola","geo.position":{"lat":"39.609680","long":"2.654440"},"geo.region":"Espa\u00f1a"},"_links":{"self":[{"href":"https:\/\/sonamar.com\/es\/wp-json\/wp\/v2\/pages\/6771","targetHints":{"allow":["GET"]}}],"collection":[{"href":"https:\/\/sonamar.com\/es\/wp-json\/wp\/v2\/pages"}],"about":[{"href":"https:\/\/sonamar.com\/es\/wp-json\/wp\/v2\/types\/page"}],"author":[{"embeddable":true,"href":"https:\/\/sonamar.com\/es\/wp-json\/wp\/v2\/users\/2"}],"replies":[{"embeddable":true,"href":"https:\/\/sonamar.com\/es\/wp-json\/wp\/v2\/comments?post=6771"}],"version-history":[{"count":81,"href":"https:\/\/sonamar.com\/es\/wp-json\/wp\/v2\/pages\/6771\/revisions"}],"predecessor-version":[{"id":9467,"href":"https:\/\/sonamar.com\/es\/wp-json\/wp\/v2\/pages\/6771\/revisions\/9467"}],"wp:featuredmedia":[{"embeddable":true,"href":"https:\/\/sonamar.com\/es\/wp-json\/wp\/v2\/media\/3591"}],"wp:attachment":[{"href":"https:\/\/sonamar.com\/es\/wp-json\/wp\/v2\/media?parent=6771"}],"curies":[{"name":"wp","href":"https:\/\/api.w.org\/{rel}","templated":true}]}}