{"id":3297,"date":"2023-03-16T11:55:54","date_gmt":"2023-03-16T10:55:54","guid":{"rendered":"https:\/\/staging.sonamar.com\/empresa\/tecnologia\/"},"modified":"2026-02-20T10:24:33","modified_gmt":"2026-02-20T09:24:33","slug":"tecnologia","status":"publish","type":"page","link":"https:\/\/sonamar.com\/es\/empresa\/tecnologia\/","title":{"rendered":"Tecnolog\u00eda"},"content":{"rendered":"\t\t<div data-elementor-type=\"wp-page\" data-elementor-id=\"3297\" class=\"elementor elementor-3297 elementor-2882\" data-elementor-post-type=\"page\">\n\t\t\t\t<div class=\"elementor-element elementor-element-2dcef63 e-con-full e-flex e-con e-parent\" data-id=\"2dcef63\" data-element_type=\"container\" data-settings=\"{&quot;background_background&quot;:&quot;classic&quot;}\">\n\t\t<div class=\"elementor-element elementor-element-5845ade e-con-full e-flex e-con e-child\" data-id=\"5845ade\" data-element_type=\"container\">\n\t\t\t\t<div class=\"elementor-element elementor-element-bc7c9f9 elementor-widget elementor-widget-heading\" data-id=\"bc7c9f9\" data-element_type=\"widget\" data-widget_type=\"heading.default\">\n\t\t\t\t<div class=\"elementor-widget-container\">\n\t\t\t\t\t<h1 class=\"elementor-heading-title elementor-size-default\">Tecnolog\u00eda<\/h1>\t\t\t\t<\/div>\n\t\t\t\t<\/div>\n\t\t\t\t<\/div>\n\t\t\t\t<\/div>\n\t\t<div class=\"elementor-element elementor-element-0ccc798 e-flex e-con-boxed e-con e-parent\" data-id=\"0ccc798\" data-element_type=\"container\" data-settings=\"{&quot;background_background&quot;:&quot;classic&quot;}\">\n\t\t\t\t\t<div class=\"e-con-inner\">\n\t\t<div class=\"elementor-element elementor-element-7633c4f e-con-full e-flex e-con e-child\" data-id=\"7633c4f\" data-element_type=\"container\" data-settings=\"{&quot;background_background&quot;:&quot;classic&quot;}\">\n\t\t\t\t<\/div>\n\t\t<div class=\"elementor-element elementor-element-cf3fab6 e-con-full e-flex e-con e-child\" data-id=\"cf3fab6\" data-element_type=\"container\">\n\t\t<div class=\"elementor-element elementor-element-46b135f e-flex e-con-boxed e-con e-child\" data-id=\"46b135f\" data-element_type=\"container\" data-settings=\"{&quot;background_background&quot;:&quot;classic&quot;}\">\n\t\t\t\t\t<div class=\"e-con-inner\">\n\t\t\t\t<div class=\"elementor-element elementor-element-644cc1d elementor-widget elementor-widget-heading\" data-id=\"644cc1d\" data-element_type=\"widget\" data-widget_type=\"heading.default\">\n\t\t\t\t<div class=\"elementor-widget-container\">\n\t\t\t\t\t<h2 class=\"elementor-heading-title elementor-size-default\">Cables suficientes para rodear Mallorca... \u00a1dos veces!<\/h2>\t\t\t\t<\/div>\n\t\t\t\t<\/div>\n\t\t\t\t<div class=\"elementor-element elementor-element-5ca9b0f elementor-widget elementor-widget-text-editor\" data-id=\"5ca9b0f\" data-element_type=\"widget\" data-widget_type=\"text-editor.default\">\n\t\t\t\t<div class=\"elementor-widget-container\">\n\t\t\t\t\t\t\t\t\t<p><a href=\"https:\/\/sonamar.com\/es\/\">Son Amar<\/a> alberga algunas de las m\u00e1s avanzadas tecnolog\u00edas de Mallorca. Usted no encontrar\u00e1 un lugar como este en ning\u00fan otro sitio . <\/p><p>Nuestro sistema de sonido ofrece un audio n\u00edtido y nuestro show de luces es un aut\u00e9ntico espect\u00e1culo, con sofisticados l\u00e1seres y pantallas LED para crear un ambiente hipnotizante.<\/p><p>Si est\u00e1s buscando un lugar para una fiesta, una conferencia de negocios o un evento musical, Son Amar le proporcionar\u00e1 el entorno perfecto para su evento. Con nuestro equipamiento de \u00faltima generaci\u00f3n, usted podr\u00e1 transformar su visi\u00f3n en realidad. Y sin escatimar gastos en avances tecnol\u00f3gicos, usted puede estar seguro de que su evento destacar\u00e1 del resto y superar\u00e1 todas las expectativas que pueda imaginar!  <\/p><p><strong>Lo mejor de todo, es que tenemos todo el equipo necesario para su evento, por lo que usted no necesita preocuparse por alquilar equipos adicionales. Nuestro equipo est\u00e1 aqu\u00ed para ayudarle a hacer que su evento sea un \u00e9xito! <\/strong><\/p>\t\t\t\t\t\t\t\t<\/div>\n\t\t\t\t<\/div>\n\t\t\t\t\t<\/div>\n\t\t\t\t<\/div>\n\t\t\t\t<\/div>\n\t\t\t\t\t<\/div>\n\t\t\t\t<\/div>\n\t\t<div class=\"elementor-element elementor-element-ac5d889 e-grid e-con-boxed e-con e-parent\" data-id=\"ac5d889\" data-element_type=\"container\">\n\t\t\t\t\t<div class=\"e-con-inner\">\n\t\t\t\t<div class=\"elementor-element elementor-element-6be0948 elementor-widget__width-initial elementor-widget elementor-widget-heading\" data-id=\"6be0948\" data-element_type=\"widget\" data-widget_type=\"heading.default\">\n\t\t\t\t<div class=\"elementor-widget-container\">\n\t\t\t\t\t<h2 class=\"elementor-heading-title elementor-size-default\">Especificaciones <\/h2>\t\t\t\t<\/div>\n\t\t\t\t<\/div>\n\t\t\t\t<div class=\"elementor-element elementor-element-f209fe3 elementor-align-center elementor-widget elementor-widget-button\" data-id=\"f209fe3\" data-element_type=\"widget\" data-widget_type=\"button.default\">\n\t\t\t\t<div class=\"elementor-widget-container\">\n\t\t\t\t\t\t\t\t\t<div class=\"elementor-button-wrapper\">\n\t\t\t\t\t<a class=\"elementor-button elementor-button-link elementor-size-sm elementor-animation-grow\" href=\"https:\/\/sonamarcloud.quickconnect.to\/d\/s\/177ltyYacj3TBGrJ7zfTCVIF9gk5NufP\/cAOACm6G-MmSQjDU8rK_65f9FHT7O1WS-0b5gQ5B5_Aw\" target=\"_blank\">\n\t\t\t\t\t\t<span class=\"elementor-button-content-wrapper\">\n\t\t\t\t\t\t<span class=\"elementor-button-icon\">\n\t\t\t\t<i aria-hidden=\"true\" class=\"fas fa-download\"><\/i>\t\t\t<\/span>\n\t\t\t\t\t\t\t\t\t<span class=\"elementor-button-text\">DESCARGAR RIDER T\u00c9CNICO<\/span>\n\t\t\t\t\t<\/span>\n\t\t\t\t\t<\/a>\n\t\t\t\t<\/div>\n\t\t\t\t\t\t\t\t<\/div>\n\t\t\t\t<\/div>\n\t\t\t\t\t<\/div>\n\t\t\t\t<\/div>\n\t\t<div class=\"elementor-element elementor-element-e367c16 e-flex e-con-boxed e-con e-parent\" data-id=\"e367c16\" data-element_type=\"container\">\n\t\t\t\t\t<div class=\"e-con-inner\">\n\t\t\t\t<div class=\"elementor-element elementor-element-6a74134 elementor-widget elementor-widget-spacer\" data-id=\"6a74134\" data-element_type=\"widget\" data-widget_type=\"spacer.default\">\n\t\t\t\t<div class=\"elementor-widget-container\">\n\t\t\t\t\t\t\t<div class=\"elementor-spacer\">\n\t\t\t<div class=\"elementor-spacer-inner\"><\/div>\n\t\t<\/div>\n\t\t\t\t\t\t<\/div>\n\t\t\t\t<\/div>\n\t\t\t\t\t<\/div>\n\t\t\t\t<\/div>\n\t\t\t\t<\/div>\n\t\t","protected":false},"excerpt":{"rendered":"<p>Tecnolog\u00eda Cables suficientes para rodear Mallorca&#8230; \u00a1dos veces! Son Amar alberga algunas de las m\u00e1s avanzadas tecnolog\u00edas de Mallorca. Usted no encontrar\u00e1 un lugar como este en ning\u00fan otro sitio . Nuestro sistema de sonido ofrece un audio n\u00edtido y nuestro show de luces es un aut\u00e9ntico espect\u00e1culo, con sofisticados l\u00e1seres y pantallas LED para [&hellip;]<\/p>\n","protected":false},"author":2,"featured_media":2890,"parent":3235,"menu_order":0,"comment_status":"closed","ping_status":"closed","template":"","meta":{"footnotes":""},"class_list":["post-3297","page","type-page","status-publish","has-post-thumbnail","hentry"],"blocksy_meta":{"styles_descriptor":{"styles":{"desktop":"","tablet":"","mobile":""},"google_fonts":[],"version":6}},"yoast_head":"<!-- This site is optimized with the Yoast SEO Premium plugin v21.9 (Yoast SEO v25.9) - https:\/\/yoast.com\/wordpress\/plugins\/seo\/ -->\n<title>Tecnolog\u00eda | Son Amar Mallorca | Espa\u00f1a<\/title>\n<meta name=\"description\" content=\"Con cables suficientes para rodear dos veces la isla de Mallorca, la tecnolog\u00eda de House of Son Amar es una de las mejores de Europa.\" \/>\n<meta name=\"robots\" content=\"index, follow, max-snippet:-1, max-image-preview:large, max-video-preview:-1\" \/>\n<link rel=\"canonical\" href=\"https:\/\/sonamar.com\/es\/empresa\/tecnologia\/\" \/>\n<meta property=\"og:locale\" content=\"es_ES\" \/>\n<meta property=\"og:type\" content=\"article\" \/>\n<meta property=\"og:title\" content=\"Tecnolog\u00eda\" \/>\n<meta property=\"og:description\" content=\"Con cables suficientes para rodear dos veces la isla de Mallorca, la tecnolog\u00eda de House of Son Amar es una de las mejores de Europa.\" \/>\n<meta property=\"og:url\" content=\"https:\/\/sonamar.com\/es\/empresa\/tecnologia\/\" \/>\n<meta property=\"og:site_name\" content=\"Son Amar Mallorca\" \/>\n<meta property=\"article:publisher\" content=\"https:\/\/www.facebook.com\/SonAmarMallorca\" \/>\n<meta property=\"article:modified_time\" content=\"2026-02-20T09:24:33+00:00\" \/>\n<meta property=\"og:image\" content=\"https:\/\/sonamar.com\/wp-content\/uploads\/2023\/03\/DSC09446-scaled.jpg\" \/>\n\t<meta property=\"og:image:width\" content=\"2560\" \/>\n\t<meta property=\"og:image:height\" content=\"1705\" \/>\n\t<meta property=\"og:image:type\" content=\"image\/jpeg\" \/>\n<meta name=\"twitter:card\" content=\"summary_large_image\" \/>\n<meta name=\"twitter:label1\" content=\"Tiempo de lectura\" \/>\n\t<meta name=\"twitter:data1\" content=\"1 minuto\" \/>\n<script type=\"application\/ld+json\" class=\"yoast-schema-graph\">{\"@context\":\"https:\/\/schema.org\",\"@graph\":[{\"@type\":\"WebPage\",\"@id\":\"https:\/\/sonamar.com\/es\/empresa\/tecnologia\/\",\"url\":\"https:\/\/sonamar.com\/es\/empresa\/tecnologia\/\",\"name\":\"Tecnolog\u00eda | Son Amar Mallorca | Espa\u00f1a\",\"isPartOf\":{\"@id\":\"https:\/\/sonamar.com\/es\/#website\"},\"primaryImageOfPage\":{\"@id\":\"https:\/\/sonamar.com\/es\/empresa\/tecnologia\/#primaryimage\"},\"image\":{\"@id\":\"https:\/\/sonamar.com\/es\/empresa\/tecnologia\/#primaryimage\"},\"thumbnailUrl\":\"https:\/\/sonamar.com\/wp-content\/uploads\/2023\/03\/DSC09446-scaled.jpg\",\"datePublished\":\"2023-03-16T10:55:54+00:00\",\"dateModified\":\"2026-02-20T09:24:33+00:00\",\"description\":\"Con cables suficientes para rodear dos veces la isla de Mallorca, la tecnolog\u00eda de House of Son Amar es una de las mejores de Europa.\",\"breadcrumb\":{\"@id\":\"https:\/\/sonamar.com\/es\/empresa\/tecnologia\/#breadcrumb\"},\"inLanguage\":\"es\",\"potentialAction\":[{\"@type\":\"ReadAction\",\"target\":[\"https:\/\/sonamar.com\/es\/empresa\/tecnologia\/\"]}]},{\"@type\":\"ImageObject\",\"inLanguage\":\"es\",\"@id\":\"https:\/\/sonamar.com\/es\/empresa\/tecnologia\/#primaryimage\",\"url\":\"https:\/\/sonamar.com\/wp-content\/uploads\/2023\/03\/DSC09446-scaled.jpg\",\"contentUrl\":\"https:\/\/sonamar.com\/wp-content\/uploads\/2023\/03\/DSC09446-scaled.jpg\",\"width\":2560,\"height\":1705,\"caption\":\"Technology at Son Amar\"},{\"@type\":\"BreadcrumbList\",\"@id\":\"https:\/\/sonamar.com\/es\/empresa\/tecnologia\/#breadcrumb\",\"itemListElement\":[{\"@type\":\"ListItem\",\"position\":1,\"name\":\"Home\",\"item\":\"https:\/\/sonamar.com\/es\/\"},{\"@type\":\"ListItem\",\"position\":2,\"name\":\"Empresa\",\"item\":\"https:\/\/sonamar.com\/es\/empresa\/\"},{\"@type\":\"ListItem\",\"position\":3,\"name\":\"Tecnolog\u00eda\"}]},{\"@type\":\"WebSite\",\"@id\":\"https:\/\/sonamar.com\/es\/#website\",\"url\":\"https:\/\/sonamar.com\/es\/\",\"name\":\"Son Amar Mallorca\",\"description\":\"Mallorca&#039;s premier theatre, dining and events venue.\",\"publisher\":{\"@id\":\"https:\/\/sonamar.com\/es\/#organization\"},\"potentialAction\":[{\"@type\":\"SearchAction\",\"target\":{\"@type\":\"EntryPoint\",\"urlTemplate\":\"https:\/\/sonamar.com\/es\/?s={search_term_string}\"},\"query-input\":{\"@type\":\"PropertyValueSpecification\",\"valueRequired\":true,\"valueName\":\"search_term_string\"}}],\"inLanguage\":\"es\"},{\"@type\":[\"Organization\",\"Place\"],\"@id\":\"https:\/\/sonamar.com\/es\/#organization\",\"name\":\"House of Son Amar Mallorca\",\"url\":\"https:\/\/sonamar.com\/es\/\",\"logo\":{\"@id\":\"https:\/\/sonamar.com\/es\/empresa\/tecnologia\/#local-main-organization-logo\"},\"image\":{\"@id\":\"https:\/\/sonamar.com\/es\/empresa\/tecnologia\/#local-main-organization-logo\"},\"sameAs\":[\"https:\/\/www.facebook.com\/SonAmarMallorca\"],\"address\":{\"@id\":\"https:\/\/sonamar.com\/es\/empresa\/tecnologia\/#local-main-place-address\"},\"geo\":{\"@type\":\"GeoCoordinates\",\"latitude\":\"39.609680\",\"longitude\":\"2.654440\"},\"telephone\":[\"971 61 75 33\"],\"openingHoursSpecification\":[{\"@type\":\"OpeningHoursSpecification\",\"dayOfWeek\":[\"Monday\",\"Tuesday\",\"Wednesday\",\"Thursday\",\"Friday\",\"Saturday\",\"Sunday\"],\"opens\":\"09:00\",\"closes\":\"17:00\"}],\"email\":\"reservas@sonamar.com\"},{\"@type\":\"PostalAddress\",\"@id\":\"https:\/\/sonamar.com\/es\/empresa\/tecnologia\/#local-main-place-address\",\"streetAddress\":\"Carretera de Palma-Soller KM 10,8\",\"addressLocality\":\"Palmanyola\",\"postalCode\":\"07193\",\"addressRegion\":\"Balearic Islands\",\"addressCountry\":\"ES\"},{\"@type\":\"ImageObject\",\"inLanguage\":\"es\",\"@id\":\"https:\/\/sonamar.com\/es\/empresa\/tecnologia\/#local-main-organization-logo\",\"url\":\"https:\/\/sonamar.com\/wp-content\/uploads\/2022\/08\/118837122_3444479795633771_3305356779286475605_n.jpeg\",\"contentUrl\":\"https:\/\/sonamar.com\/wp-content\/uploads\/2022\/08\/118837122_3444479795633771_3305356779286475605_n.jpeg\",\"width\":802,\"height\":802,\"caption\":\"House of Son Amar Mallorca\"}]}<\/script>\n<meta name=\"geo.placename\" content=\"Palmanyola\" \/>\n<meta name=\"geo.position\" content=\"39.609680;2.654440\" \/>\n<meta name=\"geo.region\" content=\"Espa\u00f1a\" \/>\n<!-- \/ Yoast SEO Premium plugin. -->","yoast_head_json":{"title":"Tecnolog\u00eda | Son Amar Mallorca | Espa\u00f1a","description":"Con cables suficientes para rodear dos veces la isla de Mallorca, la tecnolog\u00eda de House of Son Amar es una de las mejores de Europa.","robots":{"index":"index","follow":"follow","max-snippet":"max-snippet:-1","max-image-preview":"max-image-preview:large","max-video-preview":"max-video-preview:-1"},"canonical":"https:\/\/sonamar.com\/es\/empresa\/tecnologia\/","og_locale":"es_ES","og_type":"article","og_title":"Tecnolog\u00eda","og_description":"Con cables suficientes para rodear dos veces la isla de Mallorca, la tecnolog\u00eda de House of Son Amar es una de las mejores de Europa.","og_url":"https:\/\/sonamar.com\/es\/empresa\/tecnologia\/","og_site_name":"Son Amar Mallorca","article_publisher":"https:\/\/www.facebook.com\/SonAmarMallorca","article_modified_time":"2026-02-20T09:24:33+00:00","og_image":[{"width":2560,"height":1705,"url":"https:\/\/sonamar.com\/wp-content\/uploads\/2023\/03\/DSC09446-scaled.jpg","type":"image\/jpeg"}],"twitter_card":"summary_large_image","twitter_misc":{"Tiempo de lectura":"1 minuto"},"schema":{"@context":"https:\/\/schema.org","@graph":[{"@type":"WebPage","@id":"https:\/\/sonamar.com\/es\/empresa\/tecnologia\/","url":"https:\/\/sonamar.com\/es\/empresa\/tecnologia\/","name":"Tecnolog\u00eda | Son Amar Mallorca | Espa\u00f1a","isPartOf":{"@id":"https:\/\/sonamar.com\/es\/#website"},"primaryImageOfPage":{"@id":"https:\/\/sonamar.com\/es\/empresa\/tecnologia\/#primaryimage"},"image":{"@id":"https:\/\/sonamar.com\/es\/empresa\/tecnologia\/#primaryimage"},"thumbnailUrl":"https:\/\/sonamar.com\/wp-content\/uploads\/2023\/03\/DSC09446-scaled.jpg","datePublished":"2023-03-16T10:55:54+00:00","dateModified":"2026-02-20T09:24:33+00:00","description":"Con cables suficientes para rodear dos veces la isla de Mallorca, la tecnolog\u00eda de House of Son Amar es una de las mejores de Europa.","breadcrumb":{"@id":"https:\/\/sonamar.com\/es\/empresa\/tecnologia\/#breadcrumb"},"inLanguage":"es","potentialAction":[{"@type":"ReadAction","target":["https:\/\/sonamar.com\/es\/empresa\/tecnologia\/"]}]},{"@type":"ImageObject","inLanguage":"es","@id":"https:\/\/sonamar.com\/es\/empresa\/tecnologia\/#primaryimage","url":"https:\/\/sonamar.com\/wp-content\/uploads\/2023\/03\/DSC09446-scaled.jpg","contentUrl":"https:\/\/sonamar.com\/wp-content\/uploads\/2023\/03\/DSC09446-scaled.jpg","width":2560,"height":1705,"caption":"Technology at Son Amar"},{"@type":"BreadcrumbList","@id":"https:\/\/sonamar.com\/es\/empresa\/tecnologia\/#breadcrumb","itemListElement":[{"@type":"ListItem","position":1,"name":"Home","item":"https:\/\/sonamar.com\/es\/"},{"@type":"ListItem","position":2,"name":"Empresa","item":"https:\/\/sonamar.com\/es\/empresa\/"},{"@type":"ListItem","position":3,"name":"Tecnolog\u00eda"}]},{"@type":"WebSite","@id":"https:\/\/sonamar.com\/es\/#website","url":"https:\/\/sonamar.com\/es\/","name":"Son Amar Mallorca","description":"Mallorca&#039;s premier theatre, dining and events venue.","publisher":{"@id":"https:\/\/sonamar.com\/es\/#organization"},"potentialAction":[{"@type":"SearchAction","target":{"@type":"EntryPoint","urlTemplate":"https:\/\/sonamar.com\/es\/?s={search_term_string}"},"query-input":{"@type":"PropertyValueSpecification","valueRequired":true,"valueName":"search_term_string"}}],"inLanguage":"es"},{"@type":["Organization","Place"],"@id":"https:\/\/sonamar.com\/es\/#organization","name":"House of Son Amar Mallorca","url":"https:\/\/sonamar.com\/es\/","logo":{"@id":"https:\/\/sonamar.com\/es\/empresa\/tecnologia\/#local-main-organization-logo"},"image":{"@id":"https:\/\/sonamar.com\/es\/empresa\/tecnologia\/#local-main-organization-logo"},"sameAs":["https:\/\/www.facebook.com\/SonAmarMallorca"],"address":{"@id":"https:\/\/sonamar.com\/es\/empresa\/tecnologia\/#local-main-place-address"},"geo":{"@type":"GeoCoordinates","latitude":"39.609680","longitude":"2.654440"},"telephone":["971 61 75 33","971 61 75 33"],"openingHoursSpecification":[{"@type":"OpeningHoursSpecification","dayOfWeek":["Monday","Tuesday","Wednesday","Thursday","Friday","Saturday","Sunday"],"opens":"09:00","closes":"17:00"}],"email":"reservas@sonamar.com"},{"@type":"PostalAddress","@id":"https:\/\/sonamar.com\/es\/empresa\/tecnologia\/#local-main-place-address","streetAddress":"Carretera de Palma-Soller KM 10,8","addressLocality":"Palmanyola","postalCode":"07193","addressRegion":"Balearic Islands","addressCountry":"ES"},{"@type":"ImageObject","inLanguage":"es","@id":"https:\/\/sonamar.com\/es\/empresa\/tecnologia\/#local-main-organization-logo","url":"https:\/\/sonamar.com\/wp-content\/uploads\/2022\/08\/118837122_3444479795633771_3305356779286475605_n.jpeg","contentUrl":"https:\/\/sonamar.com\/wp-content\/uploads\/2022\/08\/118837122_3444479795633771_3305356779286475605_n.jpeg","width":802,"height":802,"caption":"House of Son Amar Mallorca"}]},"geo.placename":"Palmanyola","geo.position":{"lat":"39.609680","long":"2.654440"},"geo.region":"Espa\u00f1a"},"_links":{"self":[{"href":"https:\/\/sonamar.com\/es\/wp-json\/wp\/v2\/pages\/3297","targetHints":{"allow":["GET"]}}],"collection":[{"href":"https:\/\/sonamar.com\/es\/wp-json\/wp\/v2\/pages"}],"about":[{"href":"https:\/\/sonamar.com\/es\/wp-json\/wp\/v2\/types\/page"}],"author":[{"embeddable":true,"href":"https:\/\/sonamar.com\/es\/wp-json\/wp\/v2\/users\/2"}],"replies":[{"embeddable":true,"href":"https:\/\/sonamar.com\/es\/wp-json\/wp\/v2\/comments?post=3297"}],"version-history":[{"count":26,"href":"https:\/\/sonamar.com\/es\/wp-json\/wp\/v2\/pages\/3297\/revisions"}],"predecessor-version":[{"id":9831,"href":"https:\/\/sonamar.com\/es\/wp-json\/wp\/v2\/pages\/3297\/revisions\/9831"}],"up":[{"embeddable":true,"href":"https:\/\/sonamar.com\/es\/wp-json\/wp\/v2\/pages\/3235"}],"wp:featuredmedia":[{"embeddable":true,"href":"https:\/\/sonamar.com\/es\/wp-json\/wp\/v2\/media\/2890"}],"wp:attachment":[{"href":"https:\/\/sonamar.com\/es\/wp-json\/wp\/v2\/media?parent=3297"}],"curies":[{"name":"wp","href":"https:\/\/api.w.org\/{rel}","templated":true}]}}